{"id":47,"date":"2023-11-12T00:24:18","date_gmt":"2023-11-12T00:24:18","guid":{"rendered":"https:\/\/todosnube.com\/agresionaperiodistas\/?page_id=47"},"modified":"2024-05-06T02:02:07","modified_gmt":"2024-05-06T02:02:07","slug":"cuanto-afecta-a-la-democracia-el-agredir-a-un-periodista","status":"publish","type":"page","link":"https:\/\/todosnube.com\/agresionaperiodistas\/cuanto-afecta-a-la-democracia-el-agredir-a-un-periodista\/","title":{"rendered":"Claudia Ter\u00e1n"},"content":{"rendered":"\n<figure class=\"wp-block-image size-large\"><img fetchpriority=\"high\" decoding=\"async\" width=\"1024\" height=\"764\" src=\"https:\/\/todosnube.com\/agresionaperiodistas\/wp-content\/uploads\/sites\/3\/2022\/11\/Claudia-Teran-UNITAS-1024x764.jpg\" alt=\"\" class=\"wp-image-48\" srcset=\"https:\/\/todosnube.com\/agresionaperiodistas\/wp-content\/uploads\/sites\/3\/2022\/11\/Claudia-Teran-UNITAS-1024x764.jpg 1024w, https:\/\/todosnube.com\/agresionaperiodistas\/wp-content\/uploads\/sites\/3\/2022\/11\/Claudia-Teran-UNITAS-300x224.jpg 300w, https:\/\/todosnube.com\/agresionaperiodistas\/wp-content\/uploads\/sites\/3\/2022\/11\/Claudia-Teran-UNITAS-768x573.jpg 768w, https:\/\/todosnube.com\/agresionaperiodistas\/wp-content\/uploads\/sites\/3\/2022\/11\/Claudia-Teran-UNITAS-800x597.jpg 800w, https:\/\/todosnube.com\/agresionaperiodistas\/wp-content\/uploads\/sites\/3\/2022\/11\/Claudia-Teran-UNITAS.jpg 1266w\" sizes=\"(max-width: 1024px) 100vw, 1024px\" \/><figcaption class=\"wp-element-caption\">Claudia Ter\u00e1n, responsable de Formaci\u00f3n y Litigio Estrat\u00e9gico de UNITAS. Foto: La Nube.<\/figcaption><\/figure>\n\n\n\n<h2 class=\"has-text-align-center wp-block-heading\"><strong>\u00bfCu\u00e1nto afecta a la democracia el agredir a un periodista?<\/strong><\/h2>\n\n\n\n<p><\/p>\n\n\n\n<p>Hay un v\u00ednculo casi gen\u00e9tico entre la democracia y la libertad de expresi\u00f3n, seg\u00fan el criterio de la responsable de Formaci\u00f3n y Litigio Estrat\u00e9gico de UNITAS, Claudia Ter\u00e1n, quien explica cu\u00e1nto afecta a la primera el que un periodista sea agredido o amedrentado en su labor de informar a la poblaci\u00f3n.<\/p>\n\n\n\n<p>Bajo su explicaci\u00f3n, <strong>la libertad de expresi\u00f3n es un derecho fundamentalismo de las personas, pues cuenta con dos dimensiones: una individual y otra social.<\/strong> La primera permite a toda persona expresarse libremente y la segunda funciona como un \u201cpotencializador\u201d de otros derechos como la educaci\u00f3n o la participaci\u00f3n, en la que el ser humano recibe y promueve el debate de ideas con el otro, una condici\u00f3n primordial para la democracia.<\/p>\n\n\n\n<p>Bajo esta l\u00f3gica, es el periodista quien acciona la libertad de expresi\u00f3n a trav\u00e9s de la b\u00fasqueda y difusi\u00f3n de informaci\u00f3n u opiniones, lo que da pie a la libertad de prensa. \u201c<strong>Si entendemos la libertad de expresi\u00f3n como el derecho que tienen las personas, las sociedades de recibir, buscar y difundir la informaci\u00f3n, pues el periodismo es quien se ocupa sobre todo de la segunda y tercera parte<\/strong>, o sea, de buscar y difundir la informaci\u00f3n y esa relaci\u00f3n, pues, hace que en la medida que esa libertad de prensa est\u00e9 garantizada, la democracia se robustece y se enriquece\u201d, explic\u00f3.<\/p>\n\n\n\n<p>Una agresi\u00f3n a un periodista provoca que se atente a la libertad de expresi\u00f3n en sus dos dimensiones, primero al atentar al derecho individual del periodista, pero sobre todo a la dimensi\u00f3n social, al privar a la sociedad de recibir una informaci\u00f3n. \u201cSe est\u00e1 atentando o vulnerando la libertad de expresi\u00f3n en su sentido m\u00e1s amplio. <strong>No deber\u00edamos ver la libertad de prensa en concreto como un privilegio o un derecho de solo el periodismo, sino m\u00e1s bien como un derecho de la sociedad<\/strong>, porque a trav\u00e9s de este derecho y de esta libertad es que las democracias se fundamentan y se potencian\u201d, precis\u00f3.\u00a0<\/p>\n\n\n\n<figure class=\"wp-block-embed is-type-video is-provider-youtube wp-block-embed-youtube wp-embed-aspect-16-9 wp-has-aspect-ratio\"><div class=\"wp-block-embed__wrapper\">\n<iframe title=\"Claudia Ter\u00e1n y c\u00f3mo la agresi\u00f3n a periodistas atenta contra la democracia\" width=\"990\" height=\"557\" src=\"https:\/\/www.youtube.com\/embed\/U56WIX7tKPM?feature=oembed\" frameborder=\"0\" allow=\"accelerometer; autoplay; clipboard-write; encrypted-media; gyroscope; picture-in-picture\" allowfullscreen><\/iframe>\n<\/div><\/figure>\n\n\n\n<p>En torno a las cifras que UNITAS maneja sobre vulneraciones a la libertad de prensa, Ter\u00e1n precisa que, seg\u00fan est\u00e1ndares internacionales, a mayor impunidad en los casos de criminalizaci\u00f3n o ataques a periodistas, el efecto pr\u00f3ximo es m\u00e1s acallamiento de voces. De ah\u00ed que, coment\u00f3, es importante adoptar <strong>medidas de protecci\u00f3n para periodistas, adem\u00e1s de medidas de investigaci\u00f3n, sanci\u00f3n y procuraci\u00f3n de justicia.<\/strong><\/p>\n\n\n\n<p>Desde el lado period\u00edstico, menciona, es menester que los periodistas comiencen a reconocerse como sujetos de derechos, esto para conocer la implicancia de su rol, del valor de articularse y tambi\u00e9n de asumir estrategias que permitan defenderse ante determinadas acciones.&nbsp;<\/p>\n\n\n\n<p>Mencion\u00f3 que, si bien no es el \u00fanico camino, activar mecanismos de defensa ante los sistemas internacionales de protecci\u00f3n de derechos, como el sistema interamericano, permitir\u00edan no s\u00f3lo sentar un precedente en un caso de agresi\u00f3n u otro tipo de vulneraci\u00f3n hacia el ejercicio period\u00edstico, sino generar una repercusi\u00f3n m\u00e1s estructural para favorecer a la labor de las y los periodistas.&nbsp;<\/p>\n\n\n\n<p>Esta investigaci\u00f3n fue realizada con el apoyo del Fondo Concursable de la Fundaci\u00f3n para el Periodismo (FPP) en el marco del proyecto Red de Apoyo y Protecci\u00f3n a Periodistas (RAPP), con el respaldo The Global Media Defence Fund \u2013 UNESCO.<\/p>\n","protected":false},"excerpt":{"rendered":"<p>\u00bfCu\u00e1nto afecta a la democracia el agredir a un periodista? Hay un v\u00ednculo casi gen\u00e9tico entre la democracia y la &hellip; <a href=\"https:\/\/todosnube.com\/agresionaperiodistas\/cuanto-afecta-a-la-democracia-el-agredir-a-un-periodista\/\" class=\"more-link\"><span class=\"more-button\"><span class=\"screen-reader-text\">Claudia Ter\u00e1n<\/span><\/span><\/a><\/p>\n","protected":false},"author":12,"featured_media":48,"parent":0,"menu_order":0,"comment_status":"closed","ping_status":"closed","template":"","meta":{"footnotes":""},"class_list":["post-47","page","type-page","status-publish","has-post-thumbnail","hentry"],"yoast_head":"<!-- This site is optimized with the Yoast SEO plugin v27.4 - https:\/\/yoast.com\/product\/yoast-seo-wordpress\/ -->\n<title>Claudia Ter\u00e1n - Agresiones a periodistas en Bolivia<\/title>\n<meta name=\"robots\" content=\"index, follow, max-snippet:-1, max-image-preview:large, max-video-preview:-1\" \/>\n<link rel=\"canonical\" href=\"https:\/\/todosnube.com\/agresionaperiodistas\/cuanto-afecta-a-la-democracia-el-agredir-a-un-periodista\/\" \/>\n<meta property=\"og:locale\" content=\"es_ES\" \/>\n<meta property=\"og:type\" content=\"article\" \/>\n<meta property=\"og:title\" content=\"Claudia Ter\u00e1n - Agresiones a periodistas en Bolivia\" \/>\n<meta property=\"og:description\" content=\"\u00bfCu\u00e1nto afecta a la democracia el agredir a un periodista? Hay un v\u00ednculo casi gen\u00e9tico entre la democracia y la &hellip; Claudia Ter\u00e1n\" \/>\n<meta property=\"og:url\" content=\"https:\/\/todosnube.com\/agresionaperiodistas\/cuanto-afecta-a-la-democracia-el-agredir-a-un-periodista\/\" \/>\n<meta property=\"og:site_name\" content=\"Agresiones a periodistas en Bolivia\" \/>\n<meta property=\"article:modified_time\" content=\"2024-05-06T02:02:07+00:00\" \/>\n<meta property=\"og:image\" content=\"https:\/\/todosnube.com\/agresionaperiodistas\/wp-content\/uploads\/sites\/3\/2022\/11\/Claudia-Teran-UNITAS.jpg\" \/>\n\t<meta property=\"og:image:width\" content=\"1266\" \/>\n\t<meta property=\"og:image:height\" content=\"945\" \/>\n\t<meta property=\"og:image:type\" content=\"image\/jpeg\" \/>\n<meta name=\"twitter:card\" content=\"summary_large_image\" \/>\n<meta name=\"twitter:label1\" content=\"Tiempo de lectura\" \/>\n\t<meta name=\"twitter:data1\" content=\"3 minutos\" \/>\n<script type=\"application\/ld+json\" class=\"yoast-schema-graph\">{\"@context\":\"https:\\\/\\\/schema.org\",\"@graph\":[{\"@type\":\"WebPage\",\"@id\":\"https:\\\/\\\/todosnube.com\\\/agresionaperiodistas\\\/cuanto-afecta-a-la-democracia-el-agredir-a-un-periodista\\\/\",\"url\":\"https:\\\/\\\/todosnube.com\\\/agresionaperiodistas\\\/cuanto-afecta-a-la-democracia-el-agredir-a-un-periodista\\\/\",\"name\":\"Claudia Ter\u00e1n - Agresiones a periodistas en Bolivia\",\"isPartOf\":{\"@id\":\"https:\\\/\\\/todosnube.com\\\/agresionaperiodistas\\\/#website\"},\"primaryImageOfPage\":{\"@id\":\"https:\\\/\\\/todosnube.com\\\/agresionaperiodistas\\\/cuanto-afecta-a-la-democracia-el-agredir-a-un-periodista\\\/#primaryimage\"},\"image\":{\"@id\":\"https:\\\/\\\/todosnube.com\\\/agresionaperiodistas\\\/cuanto-afecta-a-la-democracia-el-agredir-a-un-periodista\\\/#primaryimage\"},\"thumbnailUrl\":\"https:\\\/\\\/todosnube.com\\\/agresionaperiodistas\\\/wp-content\\\/uploads\\\/sites\\\/3\\\/2022\\\/11\\\/Claudia-Teran-UNITAS.jpg\",\"datePublished\":\"2023-11-12T00:24:18+00:00\",\"dateModified\":\"2024-05-06T02:02:07+00:00\",\"breadcrumb\":{\"@id\":\"https:\\\/\\\/todosnube.com\\\/agresionaperiodistas\\\/cuanto-afecta-a-la-democracia-el-agredir-a-un-periodista\\\/#breadcrumb\"},\"inLanguage\":\"es\",\"potentialAction\":[{\"@type\":\"ReadAction\",\"target\":[\"https:\\\/\\\/todosnube.com\\\/agresionaperiodistas\\\/cuanto-afecta-a-la-democracia-el-agredir-a-un-periodista\\\/\"]}]},{\"@type\":\"ImageObject\",\"inLanguage\":\"es\",\"@id\":\"https:\\\/\\\/todosnube.com\\\/agresionaperiodistas\\\/cuanto-afecta-a-la-democracia-el-agredir-a-un-periodista\\\/#primaryimage\",\"url\":\"https:\\\/\\\/todosnube.com\\\/agresionaperiodistas\\\/wp-content\\\/uploads\\\/sites\\\/3\\\/2022\\\/11\\\/Claudia-Teran-UNITAS.jpg\",\"contentUrl\":\"https:\\\/\\\/todosnube.com\\\/agresionaperiodistas\\\/wp-content\\\/uploads\\\/sites\\\/3\\\/2022\\\/11\\\/Claudia-Teran-UNITAS.jpg\",\"width\":1266,\"height\":945},{\"@type\":\"BreadcrumbList\",\"@id\":\"https:\\\/\\\/todosnube.com\\\/agresionaperiodistas\\\/cuanto-afecta-a-la-democracia-el-agredir-a-un-periodista\\\/#breadcrumb\",\"itemListElement\":[{\"@type\":\"ListItem\",\"position\":1,\"name\":\"Portada\",\"item\":\"https:\\\/\\\/todosnube.com\\\/agresionaperiodistas\\\/\"},{\"@type\":\"ListItem\",\"position\":2,\"name\":\"Claudia Ter\u00e1n\"}]},{\"@type\":\"WebSite\",\"@id\":\"https:\\\/\\\/todosnube.com\\\/agresionaperiodistas\\\/#website\",\"url\":\"https:\\\/\\\/todosnube.com\\\/agresionaperiodistas\\\/\",\"name\":\"Agresiones a periodistas en Bolivia\",\"description\":\"La Nube especiales\",\"potentialAction\":[{\"@type\":\"SearchAction\",\"target\":{\"@type\":\"EntryPoint\",\"urlTemplate\":\"https:\\\/\\\/todosnube.com\\\/agresionaperiodistas\\\/?s={search_term_string}\"},\"query-input\":{\"@type\":\"PropertyValueSpecification\",\"valueRequired\":true,\"valueName\":\"search_term_string\"}}],\"inLanguage\":\"es\"}]}<\/script>\n<!-- \/ Yoast SEO plugin. -->","yoast_head_json":{"title":"Claudia Ter\u00e1n - Agresiones a periodistas en Bolivia","robots":{"index":"index","follow":"follow","max-snippet":"max-snippet:-1","max-image-preview":"max-image-preview:large","max-video-preview":"max-video-preview:-1"},"canonical":"https:\/\/todosnube.com\/agresionaperiodistas\/cuanto-afecta-a-la-democracia-el-agredir-a-un-periodista\/","og_locale":"es_ES","og_type":"article","og_title":"Claudia Ter\u00e1n - Agresiones a periodistas en Bolivia","og_description":"\u00bfCu\u00e1nto afecta a la democracia el agredir a un periodista? Hay un v\u00ednculo casi gen\u00e9tico entre la democracia y la &hellip; Claudia Ter\u00e1n","og_url":"https:\/\/todosnube.com\/agresionaperiodistas\/cuanto-afecta-a-la-democracia-el-agredir-a-un-periodista\/","og_site_name":"Agresiones a periodistas en Bolivia","article_modified_time":"2024-05-06T02:02:07+00:00","og_image":[{"width":1266,"height":945,"url":"https:\/\/todosnube.com\/agresionaperiodistas\/wp-content\/uploads\/sites\/3\/2022\/11\/Claudia-Teran-UNITAS.jpg","type":"image\/jpeg"}],"twitter_card":"summary_large_image","twitter_misc":{"Tiempo de lectura":"3 minutos"},"schema":{"@context":"https:\/\/schema.org","@graph":[{"@type":"WebPage","@id":"https:\/\/todosnube.com\/agresionaperiodistas\/cuanto-afecta-a-la-democracia-el-agredir-a-un-periodista\/","url":"https:\/\/todosnube.com\/agresionaperiodistas\/cuanto-afecta-a-la-democracia-el-agredir-a-un-periodista\/","name":"Claudia Ter\u00e1n - Agresiones a periodistas en Bolivia","isPartOf":{"@id":"https:\/\/todosnube.com\/agresionaperiodistas\/#website"},"primaryImageOfPage":{"@id":"https:\/\/todosnube.com\/agresionaperiodistas\/cuanto-afecta-a-la-democracia-el-agredir-a-un-periodista\/#primaryimage"},"image":{"@id":"https:\/\/todosnube.com\/agresionaperiodistas\/cuanto-afecta-a-la-democracia-el-agredir-a-un-periodista\/#primaryimage"},"thumbnailUrl":"https:\/\/todosnube.com\/agresionaperiodistas\/wp-content\/uploads\/sites\/3\/2022\/11\/Claudia-Teran-UNITAS.jpg","datePublished":"2023-11-12T00:24:18+00:00","dateModified":"2024-05-06T02:02:07+00:00","breadcrumb":{"@id":"https:\/\/todosnube.com\/agresionaperiodistas\/cuanto-afecta-a-la-democracia-el-agredir-a-un-periodista\/#breadcrumb"},"inLanguage":"es","potentialAction":[{"@type":"ReadAction","target":["https:\/\/todosnube.com\/agresionaperiodistas\/cuanto-afecta-a-la-democracia-el-agredir-a-un-periodista\/"]}]},{"@type":"ImageObject","inLanguage":"es","@id":"https:\/\/todosnube.com\/agresionaperiodistas\/cuanto-afecta-a-la-democracia-el-agredir-a-un-periodista\/#primaryimage","url":"https:\/\/todosnube.com\/agresionaperiodistas\/wp-content\/uploads\/sites\/3\/2022\/11\/Claudia-Teran-UNITAS.jpg","contentUrl":"https:\/\/todosnube.com\/agresionaperiodistas\/wp-content\/uploads\/sites\/3\/2022\/11\/Claudia-Teran-UNITAS.jpg","width":1266,"height":945},{"@type":"BreadcrumbList","@id":"https:\/\/todosnube.com\/agresionaperiodistas\/cuanto-afecta-a-la-democracia-el-agredir-a-un-periodista\/#breadcrumb","itemListElement":[{"@type":"ListItem","position":1,"name":"Portada","item":"https:\/\/todosnube.com\/agresionaperiodistas\/"},{"@type":"ListItem","position":2,"name":"Claudia Ter\u00e1n"}]},{"@type":"WebSite","@id":"https:\/\/todosnube.com\/agresionaperiodistas\/#website","url":"https:\/\/todosnube.com\/agresionaperiodistas\/","name":"Agresiones a periodistas en Bolivia","description":"La Nube especiales","potentialAction":[{"@type":"SearchAction","target":{"@type":"EntryPoint","urlTemplate":"https:\/\/todosnube.com\/agresionaperiodistas\/?s={search_term_string}"},"query-input":{"@type":"PropertyValueSpecification","valueRequired":true,"valueName":"search_term_string"}}],"inLanguage":"es"}]}},"_links":{"self":[{"href":"https:\/\/todosnube.com\/agresionaperiodistas\/wp-json\/wp\/v2\/pages\/47","targetHints":{"allow":["GET"]}}],"collection":[{"href":"https:\/\/todosnube.com\/agresionaperiodistas\/wp-json\/wp\/v2\/pages"}],"about":[{"href":"https:\/\/todosnube.com\/agresionaperiodistas\/wp-json\/wp\/v2\/types\/page"}],"author":[{"embeddable":true,"href":"https:\/\/todosnube.com\/agresionaperiodistas\/wp-json\/wp\/v2\/users\/12"}],"replies":[{"embeddable":true,"href":"https:\/\/todosnube.com\/agresionaperiodistas\/wp-json\/wp\/v2\/comments?post=47"}],"version-history":[{"count":3,"href":"https:\/\/todosnube.com\/agresionaperiodistas\/wp-json\/wp\/v2\/pages\/47\/revisions"}],"predecessor-version":[{"id":195,"href":"https:\/\/todosnube.com\/agresionaperiodistas\/wp-json\/wp\/v2\/pages\/47\/revisions\/195"}],"wp:featuredmedia":[{"embeddable":true,"href":"https:\/\/todosnube.com\/agresionaperiodistas\/wp-json\/wp\/v2\/media\/48"}],"wp:attachment":[{"href":"https:\/\/todosnube.com\/agresionaperiodistas\/wp-json\/wp\/v2\/media?parent=47"}],"curies":[{"name":"wp","href":"https:\/\/api.w.org\/{rel}","templated":true}]}}