{"id":44,"date":"2022-11-12T00:23:25","date_gmt":"2022-11-12T00:23:25","guid":{"rendered":"https:\/\/todosnube.com\/agresionaperiodistas\/?page_id=44"},"modified":"2022-11-16T01:39:04","modified_gmt":"2022-11-16T01:39:04","slug":"las-londras-y-las-otras-vulneraciones-cometidas-tras-el-secuestro-de-periodistas","status":"publish","type":"page","link":"https:\/\/todosnube.com\/agresionaperiodistas\/las-londras-y-las-otras-vulneraciones-cometidas-tras-el-secuestro-de-periodistas\/","title":{"rendered":"Las Londras"},"content":{"rendered":"\n<p><\/p>\n\n\n\n<figure class=\"wp-block-image size-large\"><img fetchpriority=\"high\" decoding=\"async\" width=\"1024\" height=\"586\" src=\"https:\/\/todosnube.com\/agresionaperiodistas\/wp-content\/uploads\/sites\/3\/2022\/11\/Las-Londras-captura-de-video-ATB-1024x586.jpg\" alt=\"\" class=\"wp-image-45\" srcset=\"https:\/\/todosnube.com\/agresionaperiodistas\/wp-content\/uploads\/sites\/3\/2022\/11\/Las-Londras-captura-de-video-ATB-1024x586.jpg 1024w, https:\/\/todosnube.com\/agresionaperiodistas\/wp-content\/uploads\/sites\/3\/2022\/11\/Las-Londras-captura-de-video-ATB-300x172.jpg 300w, https:\/\/todosnube.com\/agresionaperiodistas\/wp-content\/uploads\/sites\/3\/2022\/11\/Las-Londras-captura-de-video-ATB-768x440.jpg 768w, https:\/\/todosnube.com\/agresionaperiodistas\/wp-content\/uploads\/sites\/3\/2022\/11\/Las-Londras-captura-de-video-ATB-800x458.jpg 800w, https:\/\/todosnube.com\/agresionaperiodistas\/wp-content\/uploads\/sites\/3\/2022\/11\/Las-Londras-captura-de-video-ATB.jpg 1200w\" sizes=\"(max-width: 1024px) 100vw, 1024px\" \/><figcaption class=\"wp-element-caption\">El encapuchado que amenaz\u00f3 con matar a los periodistas cuando llegaron a los predios de la hacienda Las Londras. Foto. Captura de video ATB.<\/figcaption><\/figure>\n\n\n\n<h2 class=\"has-text-align-center wp-block-heading\"><strong>Las Londras y las otras vulneraciones cometidas tras el secuestro de periodistas\u00a0<\/strong><\/h2>\n\n\n\n<p>El acto de secuestro y tortura al que fueron sometidos seis periodistas en la hacienda Las Londras, en la provincia Guarayos de Santa Cruz, es el caso de mayor vulneraci\u00f3n al trabajo period\u00edstico en el \u00faltimo a\u00f1o. El hecho sucedi\u00f3 el 28 de octubre del\u00a0 2021, cuando los periodistas Percy Su\u00e1rez de la Red ATB, Silvia Andrea G\u00f3mez L\u00f3pez y su camar\u00f3grafo Sergio Luis Mart\u00ednez Galarza de la Red Unitel, Mauricio Eg\u00fcez Simon\u00e9 y el camar\u00f3grafo Nicol\u00e1s Alejandro Garc\u00eda Iriarte de Red Uno y Jorge Alberto Guti\u00e9rrez \u00c1vila del peri\u00f3dico El Deber <strong>fueron emboscados por un grupo armado de avasalladores encapuchados. El camar\u00f3grafo de la red PAT Roger Ticona, fue quien pudo escapar y alertar sobre este hecho.<\/strong><\/p>\n\n\n\n<p>El hecho en s\u00ed mismo reviste de varias vulneraciones. El presidente de la Asociaci\u00f3n de Periodistas de Santa Cruz, Roberto M\u00e9ndez, quien tambi\u00e9n es abogado de los periodistas atacados, mencion\u00f3 que<strong> el derecho a la vida es la principal vulneraci\u00f3n cometida en este caso, seguida del secuestro, que atenta al derecho a la libertad, y tambi\u00e9n el derecho a la dignidad. <\/strong>A \u00e9stas se suman las vulneraciones cometidas contra la libertad de expresi\u00f3n y de prensa.\u00a0<\/p>\n\n\n\n<p>Pero adem\u00e1s de estos delitos cometidos en contra de los siete periodistas, otras cuatro se han presentado durante el proceso judicial abierto en contra de los avasalladores. Seg\u00fan M\u00e9ndez, el primer acto irregular identificado en el caso es <strong>el incumplimiento de deberes y la ausencia del Estado para capturar a los avasalladores.<\/strong> \u201cNosotros solicitamos inmediatamente que se haga un operativo para capturar a los autores, sin embargo este operativo demor\u00f3 casi 72 horas. Desde luego no encontraron a ning\u00fan encapuchado y solamente hab\u00eda un gallo, una m\u00e1scara y una capucha en el lugar\u201d, detall\u00f3.<\/p>\n\n\n\n<p>El segundo tiene que ver con <strong>el debido proceso<\/strong>. Para M\u00e9ndez, el cambio de los polic\u00edas investigadores y el de fiscales, \u00e9ste \u00faltimo en dos ocasiones, provocaron que el caso quede en \u201cfoja cero\u201d con el cambio de estos personeros. Adem\u00e1s, observan que, de aproximadamente 80 personas que emboscaron a los periodistas, s\u00f3lo se libr\u00f3 mandamientos de aprehensi\u00f3n en contra de cinco, y de \u00fanicamente tres fueron ejecutoriados.\u00a0<\/p>\n\n\n\n<p><strong>El acceso a la justicia<\/strong> es otra vulneraci\u00f3n identificada. Este punto tiene que ver, explica M\u00e9ndez, con el cese de la detenci\u00f3n preventiva para dos de los detenidos por este caso: Sixto Canaza y Paulino Camacho. La retardaci\u00f3n de justicia es la cuarta vulneraci\u00f3n. Se han suspendido varias audiencias a lo largo del proceso, incluidas las de apelaci\u00f3n a la liberaci\u00f3n de Canaza y Camacho.\u00a0<\/p>\n\n\n\n<figure class=\"wp-block-embed is-type-video is-provider-youtube wp-block-embed-youtube wp-embed-aspect-16-9 wp-has-aspect-ratio\"><div class=\"wp-block-embed__wrapper\">\n<iframe title=\"Las Londras y las otras vulneraciones producidas por las secuelas\" width=\"990\" height=\"557\" src=\"https:\/\/www.youtube.com\/embed\/iiRh43HGFLo?feature=oembed\" frameborder=\"0\" allow=\"accelerometer; autoplay; clipboard-write; encrypted-media; gyroscope; picture-in-picture\" allowfullscreen><\/iframe>\n<\/div><\/figure>\n\n\n\n<p>A estas irregularidades en el proceso, al menos otras tres ocurridas al margen de los estrados judiciales, cuenta M\u00e9ndez. La primera de ellas es la amenaza y censura a su libro Periodismo vs. Terramafia y que aborda los entretelones del caso Las Londras. Los avasalladores, de manera ins\u00f3lita, salieron en conferencia de prensa para amenazar a polic\u00edas y fiscales, adem\u00e1s de descalificar el texto del periodista.<\/p>\n\n\n\n<p>El 6 de junio pasado, con motivo de la inspecci\u00f3n ocular, el periodista <strong>Guider Arancibia de El Deber fue agredido por uno de los abogados de los demandados, C\u00e9sar Cardona, cuando una delegaci\u00f3n se preparaba para trasladarse al lugar<\/strong>. El abogado ya en otra oportunidad, hab\u00eda solicitado que se evite dar informaci\u00f3n a la prensa sobre este caso.\u00a0<\/p>\n\n\n\n<p>Si bien no es una irregularidad como tal, M\u00e9ndez deplora que los medios de comunicaci\u00f3n de los periodistas agredidos no se sumaron a la denuncia penal, es m\u00e1s, en el caso del periodista de ATB, \u00e9ste tuvo que retirarse del canal debido a la falta de pago. \u201cEn este proceso lo ideal fuera que los medios de comunicaci\u00f3n tambi\u00e9n se adhieran al proceso y que tambi\u00e9n cooperen porque, bueno, pues se trata de un proceso bastante caro en el t\u00e9rmino econ\u00f3mico y cuesta cada vez m\u00e1s sustentarlo\u201d, mencion\u00f3 el periodista.&nbsp;<\/p>\n\n\n\n<p>Esta investigaci\u00f3n fue realizada con el apoyo del Fondo Concursable de la Fundaci\u00f3n para el Periodismo (FPP) en el marco del proyecto Red de Apoyo y Protecci\u00f3n a Periodistas (RAPP), con el respaldo The Global Media Defence Fund \u2013 UNESCO.<\/p>\n","protected":false},"excerpt":{"rendered":"<p>Las Londras y las otras vulneraciones cometidas tras el secuestro de periodistas\u00a0 El acto de secuestro y tortura al que &hellip; <a href=\"https:\/\/todosnube.com\/agresionaperiodistas\/las-londras-y-las-otras-vulneraciones-cometidas-tras-el-secuestro-de-periodistas\/\" class=\"more-link\"><span class=\"more-button\"><span class=\"screen-reader-text\">Las Londras<\/span><\/span><\/a><\/p>\n","protected":false},"author":12,"featured_media":45,"parent":0,"menu_order":0,"comment_status":"closed","ping_status":"closed","template":"","meta":{"footnotes":""},"class_list":["post-44","page","type-page","status-publish","has-post-thumbnail","hentry"],"yoast_head":"<!-- This site is optimized with the Yoast SEO plugin v27.4 - https:\/\/yoast.com\/product\/yoast-seo-wordpress\/ -->\n<title>Las Londras - Agresiones a periodistas en Bolivia<\/title>\n<meta name=\"robots\" content=\"index, follow, max-snippet:-1, max-image-preview:large, max-video-preview:-1\" \/>\n<link rel=\"canonical\" href=\"https:\/\/todosnube.com\/agresionaperiodistas\/las-londras-y-las-otras-vulneraciones-cometidas-tras-el-secuestro-de-periodistas\/\" \/>\n<meta property=\"og:locale\" content=\"es_ES\" \/>\n<meta property=\"og:type\" content=\"article\" \/>\n<meta property=\"og:title\" content=\"Las Londras - Agresiones a periodistas en Bolivia\" \/>\n<meta property=\"og:description\" content=\"Las Londras y las otras vulneraciones cometidas tras el secuestro de periodistas\u00a0 El acto de secuestro y tortura al que &hellip; Las Londras\" \/>\n<meta property=\"og:url\" content=\"https:\/\/todosnube.com\/agresionaperiodistas\/las-londras-y-las-otras-vulneraciones-cometidas-tras-el-secuestro-de-periodistas\/\" \/>\n<meta property=\"og:site_name\" content=\"Agresiones a periodistas en Bolivia\" \/>\n<meta property=\"article:modified_time\" content=\"2022-11-16T01:39:04+00:00\" \/>\n<meta property=\"og:image\" content=\"https:\/\/todosnube.com\/agresionaperiodistas\/wp-content\/uploads\/sites\/3\/2022\/11\/Las-Londras-captura-de-video-ATB.jpg\" \/>\n\t<meta property=\"og:image:width\" content=\"1200\" \/>\n\t<meta property=\"og:image:height\" content=\"687\" \/>\n\t<meta property=\"og:image:type\" content=\"image\/jpeg\" \/>\n<meta name=\"twitter:card\" content=\"summary_large_image\" \/>\n<meta name=\"twitter:label1\" content=\"Tiempo de lectura\" \/>\n\t<meta name=\"twitter:data1\" content=\"4 minutos\" \/>\n<script type=\"application\/ld+json\" class=\"yoast-schema-graph\">{\"@context\":\"https:\\\/\\\/schema.org\",\"@graph\":[{\"@type\":\"WebPage\",\"@id\":\"https:\\\/\\\/todosnube.com\\\/agresionaperiodistas\\\/las-londras-y-las-otras-vulneraciones-cometidas-tras-el-secuestro-de-periodistas\\\/\",\"url\":\"https:\\\/\\\/todosnube.com\\\/agresionaperiodistas\\\/las-londras-y-las-otras-vulneraciones-cometidas-tras-el-secuestro-de-periodistas\\\/\",\"name\":\"Las Londras - Agresiones a periodistas en Bolivia\",\"isPartOf\":{\"@id\":\"https:\\\/\\\/todosnube.com\\\/agresionaperiodistas\\\/#website\"},\"primaryImageOfPage\":{\"@id\":\"https:\\\/\\\/todosnube.com\\\/agresionaperiodistas\\\/las-londras-y-las-otras-vulneraciones-cometidas-tras-el-secuestro-de-periodistas\\\/#primaryimage\"},\"image\":{\"@id\":\"https:\\\/\\\/todosnube.com\\\/agresionaperiodistas\\\/las-londras-y-las-otras-vulneraciones-cometidas-tras-el-secuestro-de-periodistas\\\/#primaryimage\"},\"thumbnailUrl\":\"https:\\\/\\\/todosnube.com\\\/agresionaperiodistas\\\/wp-content\\\/uploads\\\/sites\\\/3\\\/2022\\\/11\\\/Las-Londras-captura-de-video-ATB.jpg\",\"datePublished\":\"2022-11-12T00:23:25+00:00\",\"dateModified\":\"2022-11-16T01:39:04+00:00\",\"breadcrumb\":{\"@id\":\"https:\\\/\\\/todosnube.com\\\/agresionaperiodistas\\\/las-londras-y-las-otras-vulneraciones-cometidas-tras-el-secuestro-de-periodistas\\\/#breadcrumb\"},\"inLanguage\":\"es\",\"potentialAction\":[{\"@type\":\"ReadAction\",\"target\":[\"https:\\\/\\\/todosnube.com\\\/agresionaperiodistas\\\/las-londras-y-las-otras-vulneraciones-cometidas-tras-el-secuestro-de-periodistas\\\/\"]}]},{\"@type\":\"ImageObject\",\"inLanguage\":\"es\",\"@id\":\"https:\\\/\\\/todosnube.com\\\/agresionaperiodistas\\\/las-londras-y-las-otras-vulneraciones-cometidas-tras-el-secuestro-de-periodistas\\\/#primaryimage\",\"url\":\"https:\\\/\\\/todosnube.com\\\/agresionaperiodistas\\\/wp-content\\\/uploads\\\/sites\\\/3\\\/2022\\\/11\\\/Las-Londras-captura-de-video-ATB.jpg\",\"contentUrl\":\"https:\\\/\\\/todosnube.com\\\/agresionaperiodistas\\\/wp-content\\\/uploads\\\/sites\\\/3\\\/2022\\\/11\\\/Las-Londras-captura-de-video-ATB.jpg\",\"width\":1200,\"height\":687},{\"@type\":\"BreadcrumbList\",\"@id\":\"https:\\\/\\\/todosnube.com\\\/agresionaperiodistas\\\/las-londras-y-las-otras-vulneraciones-cometidas-tras-el-secuestro-de-periodistas\\\/#breadcrumb\",\"itemListElement\":[{\"@type\":\"ListItem\",\"position\":1,\"name\":\"Portada\",\"item\":\"https:\\\/\\\/todosnube.com\\\/agresionaperiodistas\\\/\"},{\"@type\":\"ListItem\",\"position\":2,\"name\":\"Las Londras\"}]},{\"@type\":\"WebSite\",\"@id\":\"https:\\\/\\\/todosnube.com\\\/agresionaperiodistas\\\/#website\",\"url\":\"https:\\\/\\\/todosnube.com\\\/agresionaperiodistas\\\/\",\"name\":\"Agresiones a periodistas en Bolivia\",\"description\":\"La Nube especiales\",\"potentialAction\":[{\"@type\":\"SearchAction\",\"target\":{\"@type\":\"EntryPoint\",\"urlTemplate\":\"https:\\\/\\\/todosnube.com\\\/agresionaperiodistas\\\/?s={search_term_string}\"},\"query-input\":{\"@type\":\"PropertyValueSpecification\",\"valueRequired\":true,\"valueName\":\"search_term_string\"}}],\"inLanguage\":\"es\"}]}<\/script>\n<!-- \/ Yoast SEO plugin. -->","yoast_head_json":{"title":"Las Londras - Agresiones a periodistas en Bolivia","robots":{"index":"index","follow":"follow","max-snippet":"max-snippet:-1","max-image-preview":"max-image-preview:large","max-video-preview":"max-video-preview:-1"},"canonical":"https:\/\/todosnube.com\/agresionaperiodistas\/las-londras-y-las-otras-vulneraciones-cometidas-tras-el-secuestro-de-periodistas\/","og_locale":"es_ES","og_type":"article","og_title":"Las Londras - Agresiones a periodistas en Bolivia","og_description":"Las Londras y las otras vulneraciones cometidas tras el secuestro de periodistas\u00a0 El acto de secuestro y tortura al que &hellip; Las Londras","og_url":"https:\/\/todosnube.com\/agresionaperiodistas\/las-londras-y-las-otras-vulneraciones-cometidas-tras-el-secuestro-de-periodistas\/","og_site_name":"Agresiones a periodistas en Bolivia","article_modified_time":"2022-11-16T01:39:04+00:00","og_image":[{"width":1200,"height":687,"url":"https:\/\/todosnube.com\/agresionaperiodistas\/wp-content\/uploads\/sites\/3\/2022\/11\/Las-Londras-captura-de-video-ATB.jpg","type":"image\/jpeg"}],"twitter_card":"summary_large_image","twitter_misc":{"Tiempo de lectura":"4 minutos"},"schema":{"@context":"https:\/\/schema.org","@graph":[{"@type":"WebPage","@id":"https:\/\/todosnube.com\/agresionaperiodistas\/las-londras-y-las-otras-vulneraciones-cometidas-tras-el-secuestro-de-periodistas\/","url":"https:\/\/todosnube.com\/agresionaperiodistas\/las-londras-y-las-otras-vulneraciones-cometidas-tras-el-secuestro-de-periodistas\/","name":"Las Londras - Agresiones a periodistas en Bolivia","isPartOf":{"@id":"https:\/\/todosnube.com\/agresionaperiodistas\/#website"},"primaryImageOfPage":{"@id":"https:\/\/todosnube.com\/agresionaperiodistas\/las-londras-y-las-otras-vulneraciones-cometidas-tras-el-secuestro-de-periodistas\/#primaryimage"},"image":{"@id":"https:\/\/todosnube.com\/agresionaperiodistas\/las-londras-y-las-otras-vulneraciones-cometidas-tras-el-secuestro-de-periodistas\/#primaryimage"},"thumbnailUrl":"https:\/\/todosnube.com\/agresionaperiodistas\/wp-content\/uploads\/sites\/3\/2022\/11\/Las-Londras-captura-de-video-ATB.jpg","datePublished":"2022-11-12T00:23:25+00:00","dateModified":"2022-11-16T01:39:04+00:00","breadcrumb":{"@id":"https:\/\/todosnube.com\/agresionaperiodistas\/las-londras-y-las-otras-vulneraciones-cometidas-tras-el-secuestro-de-periodistas\/#breadcrumb"},"inLanguage":"es","potentialAction":[{"@type":"ReadAction","target":["https:\/\/todosnube.com\/agresionaperiodistas\/las-londras-y-las-otras-vulneraciones-cometidas-tras-el-secuestro-de-periodistas\/"]}]},{"@type":"ImageObject","inLanguage":"es","@id":"https:\/\/todosnube.com\/agresionaperiodistas\/las-londras-y-las-otras-vulneraciones-cometidas-tras-el-secuestro-de-periodistas\/#primaryimage","url":"https:\/\/todosnube.com\/agresionaperiodistas\/wp-content\/uploads\/sites\/3\/2022\/11\/Las-Londras-captura-de-video-ATB.jpg","contentUrl":"https:\/\/todosnube.com\/agresionaperiodistas\/wp-content\/uploads\/sites\/3\/2022\/11\/Las-Londras-captura-de-video-ATB.jpg","width":1200,"height":687},{"@type":"BreadcrumbList","@id":"https:\/\/todosnube.com\/agresionaperiodistas\/las-londras-y-las-otras-vulneraciones-cometidas-tras-el-secuestro-de-periodistas\/#breadcrumb","itemListElement":[{"@type":"ListItem","position":1,"name":"Portada","item":"https:\/\/todosnube.com\/agresionaperiodistas\/"},{"@type":"ListItem","position":2,"name":"Las Londras"}]},{"@type":"WebSite","@id":"https:\/\/todosnube.com\/agresionaperiodistas\/#website","url":"https:\/\/todosnube.com\/agresionaperiodistas\/","name":"Agresiones a periodistas en Bolivia","description":"La Nube especiales","potentialAction":[{"@type":"SearchAction","target":{"@type":"EntryPoint","urlTemplate":"https:\/\/todosnube.com\/agresionaperiodistas\/?s={search_term_string}"},"query-input":{"@type":"PropertyValueSpecification","valueRequired":true,"valueName":"search_term_string"}}],"inLanguage":"es"}]}},"_links":{"self":[{"href":"https:\/\/todosnube.com\/agresionaperiodistas\/wp-json\/wp\/v2\/pages\/44","targetHints":{"allow":["GET"]}}],"collection":[{"href":"https:\/\/todosnube.com\/agresionaperiodistas\/wp-json\/wp\/v2\/pages"}],"about":[{"href":"https:\/\/todosnube.com\/agresionaperiodistas\/wp-json\/wp\/v2\/types\/page"}],"author":[{"embeddable":true,"href":"https:\/\/todosnube.com\/agresionaperiodistas\/wp-json\/wp\/v2\/users\/12"}],"replies":[{"embeddable":true,"href":"https:\/\/todosnube.com\/agresionaperiodistas\/wp-json\/wp\/v2\/comments?post=44"}],"version-history":[{"count":3,"href":"https:\/\/todosnube.com\/agresionaperiodistas\/wp-json\/wp\/v2\/pages\/44\/revisions"}],"predecessor-version":[{"id":193,"href":"https:\/\/todosnube.com\/agresionaperiodistas\/wp-json\/wp\/v2\/pages\/44\/revisions\/193"}],"wp:featuredmedia":[{"embeddable":true,"href":"https:\/\/todosnube.com\/agresionaperiodistas\/wp-json\/wp\/v2\/media\/45"}],"wp:attachment":[{"href":"https:\/\/todosnube.com\/agresionaperiodistas\/wp-json\/wp\/v2\/media?parent=44"}],"curies":[{"name":"wp","href":"https:\/\/api.w.org\/{rel}","templated":true}]}}