{"id":41,"date":"2022-11-12T00:21:55","date_gmt":"2022-11-12T00:21:55","guid":{"rendered":"https:\/\/todosnube.com\/agresionaperiodistas\/?page_id=41"},"modified":"2024-05-06T02:02:42","modified_gmt":"2024-05-06T02:02:42","slug":"guider-arancibia-el-periodista-acosado-por-el-gobierno-la-fiscalia-y-el-narcotrafico","status":"publish","type":"page","link":"https:\/\/todosnube.com\/agresionaperiodistas\/guider-arancibia-el-periodista-acosado-por-el-gobierno-la-fiscalia-y-el-narcotrafico\/","title":{"rendered":"Guider Arancibia"},"content":{"rendered":"<div class=\"wp-block-image\">\n<figure class=\"aligncenter size-full\"><img fetchpriority=\"high\" decoding=\"async\" width=\"770\" height=\"470\" src=\"https:\/\/todosnube.com\/agresionaperiodistas\/wp-content\/uploads\/sites\/3\/2022\/11\/Guider-Arancibia-Econoticias.jpg\" alt=\"\" class=\"wp-image-42\" srcset=\"https:\/\/todosnube.com\/agresionaperiodistas\/wp-content\/uploads\/sites\/3\/2022\/11\/Guider-Arancibia-Econoticias.jpg 770w, https:\/\/todosnube.com\/agresionaperiodistas\/wp-content\/uploads\/sites\/3\/2022\/11\/Guider-Arancibia-Econoticias-300x183.jpg 300w, https:\/\/todosnube.com\/agresionaperiodistas\/wp-content\/uploads\/sites\/3\/2022\/11\/Guider-Arancibia-Econoticias-768x469.jpg 768w\" sizes=\"(max-width: 770px) 100vw, 770px\" \/><figcaption class=\"wp-element-caption\">El periodista Guider Arancibia en una conferencia de prensa denunciando el acoso de parte del Gobierno. Foto: Econoticias.<\/figcaption><\/figure>\n<\/div>\n\n\n<h2 class=\"has-text-align-center wp-block-heading\">E<strong>l periodista acosado por el Gobierno, la Fiscal\u00eda y el narcotr\u00e1fico<\/strong><\/h2>\n\n\n\n<p><\/p>\n\n\n\n<p>Guider Arancibia podr\u00eda haber dejado el periodismo en 2015. Ese a\u00f1o, el 15 de julio, <a href=\"https:\/\/eldeber.com.bo\/pais\/vendedores-de-carne-anuncian-alza-de-precios-desde-manana_299139\" target=\"_blank\" rel=\"noreferrer noopener\">su madre Nieves Guill\u00e9n<\/a> fue asesinada en circunstancias \u201cextra\u00f1as\u201d. Tres meses antes de ese d\u00eda, Arancibia, periodista de El Deber, hab\u00eda difundido la denuncia del coronel Germ\u00e1n Cardona sobre la <a href=\"https:\/\/www.abc.es\/internacional\/20150521\/abci-entrevista-coronel-boliviano-droga-201505202123.html\" target=\"_blank\" rel=\"noreferrer noopener\">\u201cllegada de aviones militares cargados con armamento b\u00e9lico al Chapare y se volv\u00edan cargados con drogas\u201d a Venezuela<\/a>. <\/p>\n\n\n\n<p>La noticia caus\u00f3 un remez\u00f3n a nivel pol\u00edtico y oblig\u00f3 al coronel a retractarse y a salir del pa\u00eds. Dos d\u00edas antes de ello, comenta Arancibia, <strong>su madre fue asesinada en su casa en Samaipata, Santa Cruz. Los ladrones no se llevaron nada del lugar. El periodista cree que su madre muri\u00f3 en vez de \u00e9l <\/strong>y que detr\u00e1s del crimen est\u00e1 el narcotr\u00e1fico. Luego de este hecho, estuvo alejado dos meses del periodismo y consider\u00f3 que deb\u00eda dejar el oficio, pero su fe en Dios lo motiv\u00f3 a continuar y \u201cseguir adelante\u201d.<\/p>\n\n\n\n<p>Arancibia es un periodista que incomoda. <strong>En abril de 2019 destap\u00f3 el caso del narcotraficante Pedro Montenegro y su v\u00ednculo con autoridades policiales<\/strong>, principalmente con Gonzalo Medina, exdirector de la Fuerza Especial de Lucha Contra el Crimen (FELCC) Santa Cruz, de quien hab\u00eda revelado su declaraci\u00f3n que profiri\u00f3 en una audiencia y en la que menciona que hab\u00eda sido ratificado reiteradamente en el cargo por el ministro de Gobierno de ese entonces, Carlos Romero.\u00a0<\/p>\n\n\n\n<p>Esa publicaci\u00f3n le vali\u00f3 una amenaza del ministro que <strong>lo llam\u00f3 personalmente a su tel\u00e9fono celular. <a href=\"https:\/\/www.youtube.com\/watch?v=Kr3s2kX7r_M\" target=\"_blank\" rel=\"noreferrer noopener\">\u201c\u00c9l me amenaz\u00f3 con tumbarme, a m\u00ed y al peri\u00f3dico\u201d<\/a>, precis\u00f3. <\/strong>Pero no fue la \u00fanica amenaza. Montenegro tambi\u00e9n lo aludi\u00f3 en una carta notariada en la que lo acusa de denigrar e insultar a su familia, adem\u00e1s de considerarlo <a href=\"https:\/\/eldeber.com.bo\/edicion-impresa\/carta-de-un-presunto-narco-amenaza-la-vida-de-periodista_158834\" target=\"_blank\" rel=\"noreferrer noopener\">responsable de su extradici\u00f3n a Brasil<\/a>.<\/p>\n\n\n\n<figure class=\"wp-block-embed is-type-video is-provider-youtube wp-block-embed-youtube wp-embed-aspect-16-9 wp-has-aspect-ratio\"><div class=\"wp-block-embed__wrapper\">\n<iframe title=\"Guider Arancibia, el periodista acosado por el Gobierno y el narcotr\u00e1fico\" width=\"990\" height=\"557\" src=\"https:\/\/www.youtube.com\/embed\/01YfUwJRn7s?feature=oembed\" frameborder=\"0\" allow=\"accelerometer; autoplay; clipboard-write; encrypted-media; gyroscope; picture-in-picture\" allowfullscreen><\/iframe>\n<\/div><\/figure>\n\n\n\n<p>\u201cEsto (de Romero) fue una amenaza totalmente del Estado y (Montenegro) me amenaz\u00f3 de una forma muy grave, yo realmente sent\u00ed miedo y estaba amenazado por dos blancos. El Estado, que deber\u00eda brindarme todas las garant\u00edas, y la propia persona que era extraditada, entonces tuve mucha preocupaci\u00f3n de mi familia. Fueron momentos muy duros\u201d, recuerda.&nbsp;<\/p>\n\n\n\n<p>Hubo un tercer episodio de amedrentamiento a su labor. Arancibia, con m\u00e1s de 30 a\u00f1os de ejercicio, la mayor\u00eda en El Deber, fue investigado por la Fiscal\u00eda por revelar otro acto irregular del Estado, cuando <strong>descubri\u00f3 que dos camionetas incautadas al narcotr\u00e1fico fueron empleadas por encapuchados para atacar a ciudadanos que acataron un paro c\u00edvico en Santa Cruz. <\/strong>Luego de la solidaridad y presi\u00f3n de los gremios period\u00edsticos, la Fiscal\u00eda dej\u00f3 nula la citaci\u00f3n dirigida al periodista.<\/p>\n\n\n\n<p>Arancibia comenta que estos episodios son una muestra de que la sociedad boliviana requiere de periodistas que investiguen, pero tambi\u00e9n que cuenten con normas necesarias para desenvolver su trabajo, como una ley de acceso a la informaci\u00f3n. \u201c<strong>Vivimos tiempos muy dif\u00edciles, muy duros de acceder a la informaci\u00f3n, especialmente del Estado<\/strong>. Tenemos que darnos cuenta de que ahora es cuando m\u00e1s nos necesita la sociedad\u201d, mencion\u00f3.\u00a0\u00a0<\/p>\n\n\n\n<p>Esta investigaci\u00f3n fue realizada con el apoyo del Fondo Concursable de la Fundaci\u00f3n para el Periodismo (FPP) en el marco del proyecto Red de Apoyo y Protecci\u00f3n a Periodistas (RAPP), con el respaldo The Global Media Defence Fund \u2013 UNESCO.<\/p>\n","protected":false},"excerpt":{"rendered":"<p>El periodista acosado por el Gobierno, la Fiscal\u00eda y el narcotr\u00e1fico Guider Arancibia podr\u00eda haber dejado el periodismo en 2015. &hellip; <a href=\"https:\/\/todosnube.com\/agresionaperiodistas\/guider-arancibia-el-periodista-acosado-por-el-gobierno-la-fiscalia-y-el-narcotrafico\/\" class=\"more-link\"><span class=\"more-button\"><span class=\"screen-reader-text\">Guider Arancibia<\/span><\/span><\/a><\/p>\n","protected":false},"author":12,"featured_media":42,"parent":0,"menu_order":0,"comment_status":"closed","ping_status":"closed","template":"","meta":{"footnotes":""},"class_list":["post-41","page","type-page","status-publish","has-post-thumbnail","hentry"],"yoast_head":"<!-- This site is optimized with the Yoast SEO plugin v27.4 - https:\/\/yoast.com\/product\/yoast-seo-wordpress\/ -->\n<title>Guider Arancibia - Agresiones a periodistas en Bolivia<\/title>\n<meta name=\"robots\" content=\"index, follow, max-snippet:-1, max-image-preview:large, max-video-preview:-1\" \/>\n<link rel=\"canonical\" href=\"https:\/\/todosnube.com\/agresionaperiodistas\/guider-arancibia-el-periodista-acosado-por-el-gobierno-la-fiscalia-y-el-narcotrafico\/\" \/>\n<meta property=\"og:locale\" content=\"es_ES\" \/>\n<meta property=\"og:type\" content=\"article\" \/>\n<meta property=\"og:title\" content=\"Guider Arancibia - Agresiones a periodistas en Bolivia\" \/>\n<meta property=\"og:description\" content=\"El periodista acosado por el Gobierno, la Fiscal\u00eda y el narcotr\u00e1fico Guider Arancibia podr\u00eda haber dejado el periodismo en 2015. &hellip; Guider Arancibia\" \/>\n<meta property=\"og:url\" content=\"https:\/\/todosnube.com\/agresionaperiodistas\/guider-arancibia-el-periodista-acosado-por-el-gobierno-la-fiscalia-y-el-narcotrafico\/\" \/>\n<meta property=\"og:site_name\" content=\"Agresiones a periodistas en Bolivia\" \/>\n<meta property=\"article:modified_time\" content=\"2024-05-06T02:02:42+00:00\" \/>\n<meta property=\"og:image\" content=\"https:\/\/todosnube.com\/agresionaperiodistas\/wp-content\/uploads\/sites\/3\/2022\/11\/Guider-Arancibia-Econoticias.jpg\" \/>\n\t<meta property=\"og:image:width\" content=\"770\" \/>\n\t<meta property=\"og:image:height\" content=\"470\" \/>\n\t<meta property=\"og:image:type\" content=\"image\/jpeg\" \/>\n<meta name=\"twitter:card\" content=\"summary_large_image\" \/>\n<meta name=\"twitter:label1\" content=\"Tiempo de lectura\" \/>\n\t<meta name=\"twitter:data1\" content=\"3 minutos\" \/>\n<script type=\"application\/ld+json\" class=\"yoast-schema-graph\">{\"@context\":\"https:\\\/\\\/schema.org\",\"@graph\":[{\"@type\":\"WebPage\",\"@id\":\"https:\\\/\\\/todosnube.com\\\/agresionaperiodistas\\\/guider-arancibia-el-periodista-acosado-por-el-gobierno-la-fiscalia-y-el-narcotrafico\\\/\",\"url\":\"https:\\\/\\\/todosnube.com\\\/agresionaperiodistas\\\/guider-arancibia-el-periodista-acosado-por-el-gobierno-la-fiscalia-y-el-narcotrafico\\\/\",\"name\":\"Guider Arancibia - Agresiones a periodistas en Bolivia\",\"isPartOf\":{\"@id\":\"https:\\\/\\\/todosnube.com\\\/agresionaperiodistas\\\/#website\"},\"primaryImageOfPage\":{\"@id\":\"https:\\\/\\\/todosnube.com\\\/agresionaperiodistas\\\/guider-arancibia-el-periodista-acosado-por-el-gobierno-la-fiscalia-y-el-narcotrafico\\\/#primaryimage\"},\"image\":{\"@id\":\"https:\\\/\\\/todosnube.com\\\/agresionaperiodistas\\\/guider-arancibia-el-periodista-acosado-por-el-gobierno-la-fiscalia-y-el-narcotrafico\\\/#primaryimage\"},\"thumbnailUrl\":\"https:\\\/\\\/todosnube.com\\\/agresionaperiodistas\\\/wp-content\\\/uploads\\\/sites\\\/3\\\/2022\\\/11\\\/Guider-Arancibia-Econoticias.jpg\",\"datePublished\":\"2022-11-12T00:21:55+00:00\",\"dateModified\":\"2024-05-06T02:02:42+00:00\",\"breadcrumb\":{\"@id\":\"https:\\\/\\\/todosnube.com\\\/agresionaperiodistas\\\/guider-arancibia-el-periodista-acosado-por-el-gobierno-la-fiscalia-y-el-narcotrafico\\\/#breadcrumb\"},\"inLanguage\":\"es\",\"potentialAction\":[{\"@type\":\"ReadAction\",\"target\":[\"https:\\\/\\\/todosnube.com\\\/agresionaperiodistas\\\/guider-arancibia-el-periodista-acosado-por-el-gobierno-la-fiscalia-y-el-narcotrafico\\\/\"]}]},{\"@type\":\"ImageObject\",\"inLanguage\":\"es\",\"@id\":\"https:\\\/\\\/todosnube.com\\\/agresionaperiodistas\\\/guider-arancibia-el-periodista-acosado-por-el-gobierno-la-fiscalia-y-el-narcotrafico\\\/#primaryimage\",\"url\":\"https:\\\/\\\/todosnube.com\\\/agresionaperiodistas\\\/wp-content\\\/uploads\\\/sites\\\/3\\\/2022\\\/11\\\/Guider-Arancibia-Econoticias.jpg\",\"contentUrl\":\"https:\\\/\\\/todosnube.com\\\/agresionaperiodistas\\\/wp-content\\\/uploads\\\/sites\\\/3\\\/2022\\\/11\\\/Guider-Arancibia-Econoticias.jpg\",\"width\":770,\"height\":470},{\"@type\":\"BreadcrumbList\",\"@id\":\"https:\\\/\\\/todosnube.com\\\/agresionaperiodistas\\\/guider-arancibia-el-periodista-acosado-por-el-gobierno-la-fiscalia-y-el-narcotrafico\\\/#breadcrumb\",\"itemListElement\":[{\"@type\":\"ListItem\",\"position\":1,\"name\":\"Portada\",\"item\":\"https:\\\/\\\/todosnube.com\\\/agresionaperiodistas\\\/\"},{\"@type\":\"ListItem\",\"position\":2,\"name\":\"Guider Arancibia\"}]},{\"@type\":\"WebSite\",\"@id\":\"https:\\\/\\\/todosnube.com\\\/agresionaperiodistas\\\/#website\",\"url\":\"https:\\\/\\\/todosnube.com\\\/agresionaperiodistas\\\/\",\"name\":\"Agresiones a periodistas en Bolivia\",\"description\":\"La Nube especiales\",\"potentialAction\":[{\"@type\":\"SearchAction\",\"target\":{\"@type\":\"EntryPoint\",\"urlTemplate\":\"https:\\\/\\\/todosnube.com\\\/agresionaperiodistas\\\/?s={search_term_string}\"},\"query-input\":{\"@type\":\"PropertyValueSpecification\",\"valueRequired\":true,\"valueName\":\"search_term_string\"}}],\"inLanguage\":\"es\"}]}<\/script>\n<!-- \/ Yoast SEO plugin. -->","yoast_head_json":{"title":"Guider Arancibia - Agresiones a periodistas en Bolivia","robots":{"index":"index","follow":"follow","max-snippet":"max-snippet:-1","max-image-preview":"max-image-preview:large","max-video-preview":"max-video-preview:-1"},"canonical":"https:\/\/todosnube.com\/agresionaperiodistas\/guider-arancibia-el-periodista-acosado-por-el-gobierno-la-fiscalia-y-el-narcotrafico\/","og_locale":"es_ES","og_type":"article","og_title":"Guider Arancibia - Agresiones a periodistas en Bolivia","og_description":"El periodista acosado por el Gobierno, la Fiscal\u00eda y el narcotr\u00e1fico Guider Arancibia podr\u00eda haber dejado el periodismo en 2015. &hellip; Guider Arancibia","og_url":"https:\/\/todosnube.com\/agresionaperiodistas\/guider-arancibia-el-periodista-acosado-por-el-gobierno-la-fiscalia-y-el-narcotrafico\/","og_site_name":"Agresiones a periodistas en Bolivia","article_modified_time":"2024-05-06T02:02:42+00:00","og_image":[{"width":770,"height":470,"url":"https:\/\/todosnube.com\/agresionaperiodistas\/wp-content\/uploads\/sites\/3\/2022\/11\/Guider-Arancibia-Econoticias.jpg","type":"image\/jpeg"}],"twitter_card":"summary_large_image","twitter_misc":{"Tiempo de lectura":"3 minutos"},"schema":{"@context":"https:\/\/schema.org","@graph":[{"@type":"WebPage","@id":"https:\/\/todosnube.com\/agresionaperiodistas\/guider-arancibia-el-periodista-acosado-por-el-gobierno-la-fiscalia-y-el-narcotrafico\/","url":"https:\/\/todosnube.com\/agresionaperiodistas\/guider-arancibia-el-periodista-acosado-por-el-gobierno-la-fiscalia-y-el-narcotrafico\/","name":"Guider Arancibia - Agresiones a periodistas en Bolivia","isPartOf":{"@id":"https:\/\/todosnube.com\/agresionaperiodistas\/#website"},"primaryImageOfPage":{"@id":"https:\/\/todosnube.com\/agresionaperiodistas\/guider-arancibia-el-periodista-acosado-por-el-gobierno-la-fiscalia-y-el-narcotrafico\/#primaryimage"},"image":{"@id":"https:\/\/todosnube.com\/agresionaperiodistas\/guider-arancibia-el-periodista-acosado-por-el-gobierno-la-fiscalia-y-el-narcotrafico\/#primaryimage"},"thumbnailUrl":"https:\/\/todosnube.com\/agresionaperiodistas\/wp-content\/uploads\/sites\/3\/2022\/11\/Guider-Arancibia-Econoticias.jpg","datePublished":"2022-11-12T00:21:55+00:00","dateModified":"2024-05-06T02:02:42+00:00","breadcrumb":{"@id":"https:\/\/todosnube.com\/agresionaperiodistas\/guider-arancibia-el-periodista-acosado-por-el-gobierno-la-fiscalia-y-el-narcotrafico\/#breadcrumb"},"inLanguage":"es","potentialAction":[{"@type":"ReadAction","target":["https:\/\/todosnube.com\/agresionaperiodistas\/guider-arancibia-el-periodista-acosado-por-el-gobierno-la-fiscalia-y-el-narcotrafico\/"]}]},{"@type":"ImageObject","inLanguage":"es","@id":"https:\/\/todosnube.com\/agresionaperiodistas\/guider-arancibia-el-periodista-acosado-por-el-gobierno-la-fiscalia-y-el-narcotrafico\/#primaryimage","url":"https:\/\/todosnube.com\/agresionaperiodistas\/wp-content\/uploads\/sites\/3\/2022\/11\/Guider-Arancibia-Econoticias.jpg","contentUrl":"https:\/\/todosnube.com\/agresionaperiodistas\/wp-content\/uploads\/sites\/3\/2022\/11\/Guider-Arancibia-Econoticias.jpg","width":770,"height":470},{"@type":"BreadcrumbList","@id":"https:\/\/todosnube.com\/agresionaperiodistas\/guider-arancibia-el-periodista-acosado-por-el-gobierno-la-fiscalia-y-el-narcotrafico\/#breadcrumb","itemListElement":[{"@type":"ListItem","position":1,"name":"Portada","item":"https:\/\/todosnube.com\/agresionaperiodistas\/"},{"@type":"ListItem","position":2,"name":"Guider Arancibia"}]},{"@type":"WebSite","@id":"https:\/\/todosnube.com\/agresionaperiodistas\/#website","url":"https:\/\/todosnube.com\/agresionaperiodistas\/","name":"Agresiones a periodistas en Bolivia","description":"La Nube especiales","potentialAction":[{"@type":"SearchAction","target":{"@type":"EntryPoint","urlTemplate":"https:\/\/todosnube.com\/agresionaperiodistas\/?s={search_term_string}"},"query-input":{"@type":"PropertyValueSpecification","valueRequired":true,"valueName":"search_term_string"}}],"inLanguage":"es"}]}},"_links":{"self":[{"href":"https:\/\/todosnube.com\/agresionaperiodistas\/wp-json\/wp\/v2\/pages\/41","targetHints":{"allow":["GET"]}}],"collection":[{"href":"https:\/\/todosnube.com\/agresionaperiodistas\/wp-json\/wp\/v2\/pages"}],"about":[{"href":"https:\/\/todosnube.com\/agresionaperiodistas\/wp-json\/wp\/v2\/types\/page"}],"author":[{"embeddable":true,"href":"https:\/\/todosnube.com\/agresionaperiodistas\/wp-json\/wp\/v2\/users\/12"}],"replies":[{"embeddable":true,"href":"https:\/\/todosnube.com\/agresionaperiodistas\/wp-json\/wp\/v2\/comments?post=41"}],"version-history":[{"count":4,"href":"https:\/\/todosnube.com\/agresionaperiodistas\/wp-json\/wp\/v2\/pages\/41\/revisions"}],"predecessor-version":[{"id":191,"href":"https:\/\/todosnube.com\/agresionaperiodistas\/wp-json\/wp\/v2\/pages\/41\/revisions\/191"}],"wp:featuredmedia":[{"embeddable":true,"href":"https:\/\/todosnube.com\/agresionaperiodistas\/wp-json\/wp\/v2\/media\/42"}],"wp:attachment":[{"href":"https:\/\/todosnube.com\/agresionaperiodistas\/wp-json\/wp\/v2\/media?parent=41"}],"curies":[{"name":"wp","href":"https:\/\/api.w.org\/{rel}","templated":true}]}}