{"id":38,"date":"2022-11-12T00:18:59","date_gmt":"2022-11-12T00:18:59","guid":{"rendered":"https:\/\/todosnube.com\/agresionaperiodistas\/?page_id=38"},"modified":"2022-11-16T01:51:38","modified_gmt":"2022-11-16T01:51:38","slug":"el-caso-del-periodista-que-no-puede-salir-a-la-calle","status":"publish","type":"page","link":"https:\/\/todosnube.com\/agresionaperiodistas\/el-caso-del-periodista-que-no-puede-salir-a-la-calle\/","title":{"rendered":"Juan Jos\u00e9 Toro"},"content":{"rendered":"<div class=\"wp-block-image\">\n<figure class=\"aligncenter size-full\"><img fetchpriority=\"high\" decoding=\"async\" width=\"840\" height=\"468\" src=\"https:\/\/todosnube.com\/agresionaperiodistas\/wp-content\/uploads\/sites\/3\/2022\/11\/Juan-Jose-Toro-Correo-del-Sur.jpg\" alt=\"\" class=\"wp-image-39\" srcset=\"https:\/\/todosnube.com\/agresionaperiodistas\/wp-content\/uploads\/sites\/3\/2022\/11\/Juan-Jose-Toro-Correo-del-Sur.jpg 840w, https:\/\/todosnube.com\/agresionaperiodistas\/wp-content\/uploads\/sites\/3\/2022\/11\/Juan-Jose-Toro-Correo-del-Sur-300x167.jpg 300w, https:\/\/todosnube.com\/agresionaperiodistas\/wp-content\/uploads\/sites\/3\/2022\/11\/Juan-Jose-Toro-Correo-del-Sur-768x428.jpg 768w, https:\/\/todosnube.com\/agresionaperiodistas\/wp-content\/uploads\/sites\/3\/2022\/11\/Juan-Jose-Toro-Correo-del-Sur-800x446.jpg 800w\" sizes=\"(max-width: 840px) 100vw, 840px\" \/><figcaption class=\"wp-element-caption\">Juan Jos\u00e9 Toro luego de la agresi\u00f3n de los cooperativistas mineros. Foto: Correo del Sur.<\/figcaption><\/figure>\n<\/div>\n\n\n<h2 class=\"has-text-align-center wp-block-heading\"><strong>El caso del periodista que no puede salir a la calle&nbsp;<\/strong><\/h2>\n\n\n\n<p><\/p>\n\n\n\n<p><strong>\u201cEs probable que en este momento no estuviera contando esto porque era demasiada gente muy enardecida que f\u00e1cilmente en el fragor de los golpes me hubiera matado\u201d<\/strong>, as\u00ed el periodista Juan Jos\u00e9 Toro resume el episodio de agresi\u00f3n que le toc\u00f3 vivir el 7 de octubre de 2020.<\/p>\n\n\n\n<p>Ese d\u00eda, Toro y una delegaci\u00f3n compuesta por miembros del Comit\u00e9 C\u00edvico Potosinista y voluntarios fueron a inspeccionar el Cerro Rico, a causa de los hundimientos y el deterioro que se produc\u00eda como efecto de la sobreexplotaci\u00f3n minera. Toro, director del diario El Potos\u00ed, no se imaginaba que ese mismo d\u00eda, m\u00e1s de <a href=\"https:\/\/www.facebook.com\/watch\/?v=338121580803261&amp;paipv=0&amp;eav=AfbLslV1YV-fyI2BOcC63MK0Ufl0yIirNOjoHdm_tKmd99-uYVSLVUu5pxqpwlrqJpY\" target=\"_blank\" rel=\"noreferrer noopener\">mil mineros cooperativistas<\/a> se organizaron para bloquear su paso con dinamita en mano.&nbsp;<\/p>\n\n\n\n<p>\u201cCuando yo me puse a grabar con mi celular lo que estaba ocurriendo, inmediatamente <strong>se me vino una turba de gente encima. Me golpearon y me destrozaron el celular, me destrozaron los lentes y despu\u00e9s me robaron la grabadora<\/strong> que ten\u00eda en el bolsillo\u201d, relata el periodista.&nbsp;<\/p>\n\n\n\n<p>Seg\u00fan Toro, no fue algo casual, sino con premeditaci\u00f3n y alevos\u00eda. Comenta que el gerente de la oficina regional de la Comibol, Richard Arancibia, hab\u00eda promovido este ataque para \u201csentarle la mano\u201d porque \u201cestaba molestando mucho\u201d. El Potos\u00ed hab\u00eda reportado y dado cobertura a los hundimientos en el Cerro Rico y esa labor los apuntaba como \u201cel enemigo al que hay que callar o eliminar\u201d.&nbsp;<\/p>\n\n\n\n<figure class=\"wp-block-embed is-type-video is-provider-youtube wp-block-embed-youtube wp-embed-aspect-16-9 wp-has-aspect-ratio\"><div class=\"wp-block-embed__wrapper\">\n<iframe title=\"Juan Jos\u00e9 Toro, el periodista que no puede salir a la calle\" width=\"990\" height=\"557\" src=\"https:\/\/www.youtube.com\/embed\/L8sP0rYRhZY?feature=oembed\" frameborder=\"0\" allow=\"accelerometer; autoplay; clipboard-write; encrypted-media; gyroscope; picture-in-picture\" allowfullscreen><\/iframe>\n<\/div><\/figure>\n\n\n\n<p>De la denuncia instaurada por el hecho y <strong>de los m\u00e1s de mil mineros que perpetraron el ataque y al menos 20 que han sido identificados como agresores directos, s\u00f3lo hay un acusado<\/strong>, V\u00edctor T. Ch., quien se defiende en libertad por los cargos de lesiones graves y leves. Esta situaci\u00f3n demuestra a Toro que \u201chay impunidad\u201d, porque, por un lado, los autores del hecho est\u00e1n libres y por el otro, la pena por la cual se acusa al \u00fanico imputado, no ser\u00e1 mayor a los tres a\u00f1os.&nbsp;<\/p>\n\n\n\n<p>Este caso oblig\u00f3 a Toro a salir del pa\u00eds con el apoyo de la organizaci\u00f3n internacional Reporteros Sin Fronteras, que lo traslad\u00f3 a Espa\u00f1a entre enero y abril de 2021, para resguardar su vida, pero tambi\u00e9n para hacerle ex\u00e1menes m\u00e9dicos y psicol\u00f3gicos. A su vuelta al pa\u00eds y hasta la fecha, Toro decidi\u00f3 mudarse de casa, trabaja de manera remota y evita salir solo, m\u00e1s a\u00fan por las noches.<\/p>\n\n\n\n<p>\u201cYo todav\u00eda no puedo salir a la calle de noche solo, me da miedo (&#8230;). <strong>Ya no voy a las oficinas del peri\u00f3dico. Yo trabajo desde casa conectado a internet. No tengo vida nocturna, no puedo tenerla, el estr\u00e9s ya no me permite llevar una vida normal<\/strong>\u201d, confiesa Toro.&nbsp;<\/p>\n\n\n\n<p>Esta investigaci\u00f3n fue realizada con el apoyo del Fondo Concursable de la Fundaci\u00f3n para el Periodismo (FPP) en el marco del proyecto Red de Apoyo y Protecci\u00f3n a Periodistas (RAPP), con el respaldo The Global Media Defence Fund \u2013 UNESCO.<\/p>\n","protected":false},"excerpt":{"rendered":"<p>El caso del periodista que no puede salir a la calle&nbsp; \u201cEs probable que en este momento no estuviera contando &hellip; <a href=\"https:\/\/todosnube.com\/agresionaperiodistas\/el-caso-del-periodista-que-no-puede-salir-a-la-calle\/\" class=\"more-link\"><span class=\"more-button\"><span class=\"screen-reader-text\">Juan Jos\u00e9 Toro<\/span><\/span><\/a><\/p>\n","protected":false},"author":12,"featured_media":39,"parent":0,"menu_order":0,"comment_status":"closed","ping_status":"closed","template":"","meta":{"footnotes":""},"class_list":["post-38","page","type-page","status-publish","has-post-thumbnail","hentry"],"yoast_head":"<!-- This site is optimized with the Yoast SEO plugin v27.4 - https:\/\/yoast.com\/product\/yoast-seo-wordpress\/ -->\n<title>Juan Jos\u00e9 Toro - Agresiones a periodistas en Bolivia<\/title>\n<meta name=\"robots\" content=\"index, follow, max-snippet:-1, max-image-preview:large, max-video-preview:-1\" \/>\n<link rel=\"canonical\" href=\"https:\/\/todosnube.com\/agresionaperiodistas\/el-caso-del-periodista-que-no-puede-salir-a-la-calle\/\" \/>\n<meta property=\"og:locale\" content=\"es_ES\" \/>\n<meta property=\"og:type\" content=\"article\" \/>\n<meta property=\"og:title\" content=\"Juan Jos\u00e9 Toro - Agresiones a periodistas en Bolivia\" \/>\n<meta property=\"og:description\" content=\"El caso del periodista que no puede salir a la calle&nbsp; \u201cEs probable que en este momento no estuviera contando &hellip; Juan Jos\u00e9 Toro\" \/>\n<meta property=\"og:url\" content=\"https:\/\/todosnube.com\/agresionaperiodistas\/el-caso-del-periodista-que-no-puede-salir-a-la-calle\/\" \/>\n<meta property=\"og:site_name\" content=\"Agresiones a periodistas en Bolivia\" \/>\n<meta property=\"article:modified_time\" content=\"2022-11-16T01:51:38+00:00\" \/>\n<meta property=\"og:image\" content=\"https:\/\/todosnube.com\/agresionaperiodistas\/wp-content\/uploads\/sites\/3\/2022\/11\/Juan-Jose-Toro-Correo-del-Sur.jpg\" \/>\n\t<meta property=\"og:image:width\" content=\"840\" \/>\n\t<meta property=\"og:image:height\" content=\"468\" \/>\n\t<meta property=\"og:image:type\" content=\"image\/jpeg\" \/>\n<meta name=\"twitter:card\" content=\"summary_large_image\" \/>\n<meta name=\"twitter:label1\" content=\"Tiempo de lectura\" \/>\n\t<meta name=\"twitter:data1\" content=\"3 minutos\" \/>\n<script type=\"application\/ld+json\" class=\"yoast-schema-graph\">{\"@context\":\"https:\\\/\\\/schema.org\",\"@graph\":[{\"@type\":\"WebPage\",\"@id\":\"https:\\\/\\\/todosnube.com\\\/agresionaperiodistas\\\/el-caso-del-periodista-que-no-puede-salir-a-la-calle\\\/\",\"url\":\"https:\\\/\\\/todosnube.com\\\/agresionaperiodistas\\\/el-caso-del-periodista-que-no-puede-salir-a-la-calle\\\/\",\"name\":\"Juan Jos\u00e9 Toro - Agresiones a periodistas en Bolivia\",\"isPartOf\":{\"@id\":\"https:\\\/\\\/todosnube.com\\\/agresionaperiodistas\\\/#website\"},\"primaryImageOfPage\":{\"@id\":\"https:\\\/\\\/todosnube.com\\\/agresionaperiodistas\\\/el-caso-del-periodista-que-no-puede-salir-a-la-calle\\\/#primaryimage\"},\"image\":{\"@id\":\"https:\\\/\\\/todosnube.com\\\/agresionaperiodistas\\\/el-caso-del-periodista-que-no-puede-salir-a-la-calle\\\/#primaryimage\"},\"thumbnailUrl\":\"https:\\\/\\\/todosnube.com\\\/agresionaperiodistas\\\/wp-content\\\/uploads\\\/sites\\\/3\\\/2022\\\/11\\\/Juan-Jose-Toro-Correo-del-Sur.jpg\",\"datePublished\":\"2022-11-12T00:18:59+00:00\",\"dateModified\":\"2022-11-16T01:51:38+00:00\",\"breadcrumb\":{\"@id\":\"https:\\\/\\\/todosnube.com\\\/agresionaperiodistas\\\/el-caso-del-periodista-que-no-puede-salir-a-la-calle\\\/#breadcrumb\"},\"inLanguage\":\"es\",\"potentialAction\":[{\"@type\":\"ReadAction\",\"target\":[\"https:\\\/\\\/todosnube.com\\\/agresionaperiodistas\\\/el-caso-del-periodista-que-no-puede-salir-a-la-calle\\\/\"]}]},{\"@type\":\"ImageObject\",\"inLanguage\":\"es\",\"@id\":\"https:\\\/\\\/todosnube.com\\\/agresionaperiodistas\\\/el-caso-del-periodista-que-no-puede-salir-a-la-calle\\\/#primaryimage\",\"url\":\"https:\\\/\\\/todosnube.com\\\/agresionaperiodistas\\\/wp-content\\\/uploads\\\/sites\\\/3\\\/2022\\\/11\\\/Juan-Jose-Toro-Correo-del-Sur.jpg\",\"contentUrl\":\"https:\\\/\\\/todosnube.com\\\/agresionaperiodistas\\\/wp-content\\\/uploads\\\/sites\\\/3\\\/2022\\\/11\\\/Juan-Jose-Toro-Correo-del-Sur.jpg\",\"width\":840,\"height\":468},{\"@type\":\"BreadcrumbList\",\"@id\":\"https:\\\/\\\/todosnube.com\\\/agresionaperiodistas\\\/el-caso-del-periodista-que-no-puede-salir-a-la-calle\\\/#breadcrumb\",\"itemListElement\":[{\"@type\":\"ListItem\",\"position\":1,\"name\":\"Portada\",\"item\":\"https:\\\/\\\/todosnube.com\\\/agresionaperiodistas\\\/\"},{\"@type\":\"ListItem\",\"position\":2,\"name\":\"Juan Jos\u00e9 Toro\"}]},{\"@type\":\"WebSite\",\"@id\":\"https:\\\/\\\/todosnube.com\\\/agresionaperiodistas\\\/#website\",\"url\":\"https:\\\/\\\/todosnube.com\\\/agresionaperiodistas\\\/\",\"name\":\"Agresiones a periodistas en Bolivia\",\"description\":\"La Nube especiales\",\"potentialAction\":[{\"@type\":\"SearchAction\",\"target\":{\"@type\":\"EntryPoint\",\"urlTemplate\":\"https:\\\/\\\/todosnube.com\\\/agresionaperiodistas\\\/?s={search_term_string}\"},\"query-input\":{\"@type\":\"PropertyValueSpecification\",\"valueRequired\":true,\"valueName\":\"search_term_string\"}}],\"inLanguage\":\"es\"}]}<\/script>\n<!-- \/ Yoast SEO plugin. -->","yoast_head_json":{"title":"Juan Jos\u00e9 Toro - Agresiones a periodistas en Bolivia","robots":{"index":"index","follow":"follow","max-snippet":"max-snippet:-1","max-image-preview":"max-image-preview:large","max-video-preview":"max-video-preview:-1"},"canonical":"https:\/\/todosnube.com\/agresionaperiodistas\/el-caso-del-periodista-que-no-puede-salir-a-la-calle\/","og_locale":"es_ES","og_type":"article","og_title":"Juan Jos\u00e9 Toro - Agresiones a periodistas en Bolivia","og_description":"El caso del periodista que no puede salir a la calle&nbsp; \u201cEs probable que en este momento no estuviera contando &hellip; Juan Jos\u00e9 Toro","og_url":"https:\/\/todosnube.com\/agresionaperiodistas\/el-caso-del-periodista-que-no-puede-salir-a-la-calle\/","og_site_name":"Agresiones a periodistas en Bolivia","article_modified_time":"2022-11-16T01:51:38+00:00","og_image":[{"width":840,"height":468,"url":"https:\/\/todosnube.com\/agresionaperiodistas\/wp-content\/uploads\/sites\/3\/2022\/11\/Juan-Jose-Toro-Correo-del-Sur.jpg","type":"image\/jpeg"}],"twitter_card":"summary_large_image","twitter_misc":{"Tiempo de lectura":"3 minutos"},"schema":{"@context":"https:\/\/schema.org","@graph":[{"@type":"WebPage","@id":"https:\/\/todosnube.com\/agresionaperiodistas\/el-caso-del-periodista-que-no-puede-salir-a-la-calle\/","url":"https:\/\/todosnube.com\/agresionaperiodistas\/el-caso-del-periodista-que-no-puede-salir-a-la-calle\/","name":"Juan Jos\u00e9 Toro - Agresiones a periodistas en Bolivia","isPartOf":{"@id":"https:\/\/todosnube.com\/agresionaperiodistas\/#website"},"primaryImageOfPage":{"@id":"https:\/\/todosnube.com\/agresionaperiodistas\/el-caso-del-periodista-que-no-puede-salir-a-la-calle\/#primaryimage"},"image":{"@id":"https:\/\/todosnube.com\/agresionaperiodistas\/el-caso-del-periodista-que-no-puede-salir-a-la-calle\/#primaryimage"},"thumbnailUrl":"https:\/\/todosnube.com\/agresionaperiodistas\/wp-content\/uploads\/sites\/3\/2022\/11\/Juan-Jose-Toro-Correo-del-Sur.jpg","datePublished":"2022-11-12T00:18:59+00:00","dateModified":"2022-11-16T01:51:38+00:00","breadcrumb":{"@id":"https:\/\/todosnube.com\/agresionaperiodistas\/el-caso-del-periodista-que-no-puede-salir-a-la-calle\/#breadcrumb"},"inLanguage":"es","potentialAction":[{"@type":"ReadAction","target":["https:\/\/todosnube.com\/agresionaperiodistas\/el-caso-del-periodista-que-no-puede-salir-a-la-calle\/"]}]},{"@type":"ImageObject","inLanguage":"es","@id":"https:\/\/todosnube.com\/agresionaperiodistas\/el-caso-del-periodista-que-no-puede-salir-a-la-calle\/#primaryimage","url":"https:\/\/todosnube.com\/agresionaperiodistas\/wp-content\/uploads\/sites\/3\/2022\/11\/Juan-Jose-Toro-Correo-del-Sur.jpg","contentUrl":"https:\/\/todosnube.com\/agresionaperiodistas\/wp-content\/uploads\/sites\/3\/2022\/11\/Juan-Jose-Toro-Correo-del-Sur.jpg","width":840,"height":468},{"@type":"BreadcrumbList","@id":"https:\/\/todosnube.com\/agresionaperiodistas\/el-caso-del-periodista-que-no-puede-salir-a-la-calle\/#breadcrumb","itemListElement":[{"@type":"ListItem","position":1,"name":"Portada","item":"https:\/\/todosnube.com\/agresionaperiodistas\/"},{"@type":"ListItem","position":2,"name":"Juan Jos\u00e9 Toro"}]},{"@type":"WebSite","@id":"https:\/\/todosnube.com\/agresionaperiodistas\/#website","url":"https:\/\/todosnube.com\/agresionaperiodistas\/","name":"Agresiones a periodistas en Bolivia","description":"La Nube especiales","potentialAction":[{"@type":"SearchAction","target":{"@type":"EntryPoint","urlTemplate":"https:\/\/todosnube.com\/agresionaperiodistas\/?s={search_term_string}"},"query-input":{"@type":"PropertyValueSpecification","valueRequired":true,"valueName":"search_term_string"}}],"inLanguage":"es"}]}},"_links":{"self":[{"href":"https:\/\/todosnube.com\/agresionaperiodistas\/wp-json\/wp\/v2\/pages\/38","targetHints":{"allow":["GET"]}}],"collection":[{"href":"https:\/\/todosnube.com\/agresionaperiodistas\/wp-json\/wp\/v2\/pages"}],"about":[{"href":"https:\/\/todosnube.com\/agresionaperiodistas\/wp-json\/wp\/v2\/types\/page"}],"author":[{"embeddable":true,"href":"https:\/\/todosnube.com\/agresionaperiodistas\/wp-json\/wp\/v2\/users\/12"}],"replies":[{"embeddable":true,"href":"https:\/\/todosnube.com\/agresionaperiodistas\/wp-json\/wp\/v2\/comments?post=38"}],"version-history":[{"count":4,"href":"https:\/\/todosnube.com\/agresionaperiodistas\/wp-json\/wp\/v2\/pages\/38\/revisions"}],"predecessor-version":[{"id":197,"href":"https:\/\/todosnube.com\/agresionaperiodistas\/wp-json\/wp\/v2\/pages\/38\/revisions\/197"}],"wp:featuredmedia":[{"embeddable":true,"href":"https:\/\/todosnube.com\/agresionaperiodistas\/wp-json\/wp\/v2\/media\/39"}],"wp:attachment":[{"href":"https:\/\/todosnube.com\/agresionaperiodistas\/wp-json\/wp\/v2\/media?parent=38"}],"curies":[{"name":"wp","href":"https:\/\/api.w.org\/{rel}","templated":true}]}}