{"id":13,"date":"2022-11-05T14:37:32","date_gmt":"2022-11-05T14:37:32","guid":{"rendered":"https:\/\/todosnube.com\/agresionaperiodistas\/?page_id=13"},"modified":"2022-11-16T01:15:03","modified_gmt":"2022-11-16T01:15:03","slug":"la-periodista-a-la-que-encerraron-en-un-juzgado-y-obligaron-a-borrar-imagenes","status":"publish","type":"page","link":"https:\/\/todosnube.com\/agresionaperiodistas\/la-periodista-a-la-que-encerraron-en-un-juzgado-y-obligaron-a-borrar-imagenes\/","title":{"rendered":"Mar\u00eda Ulo"},"content":{"rendered":"<div class=\"wp-block-image\">\n<figure class=\"aligncenter size-full\"><img fetchpriority=\"high\" decoding=\"async\" width=\"750\" height=\"420\" src=\"https:\/\/todosnube.com\/agresionaperiodistas\/wp-content\/uploads\/sites\/3\/2022\/11\/c-maria-392410-E7D6.png\" alt=\"\" class=\"wp-image-15\" srcset=\"https:\/\/todosnube.com\/agresionaperiodistas\/wp-content\/uploads\/sites\/3\/2022\/11\/c-maria-392410-E7D6.png 750w, https:\/\/todosnube.com\/agresionaperiodistas\/wp-content\/uploads\/sites\/3\/2022\/11\/c-maria-392410-E7D6-300x168.png 300w\" sizes=\"(max-width: 750px) 100vw, 750px\" \/><figcaption class=\"wp-element-caption\">Mar\u00eda Ulo, luego de ser encerrada y amedrentada por la jueza Castro. Foto: Captura de pantalla ATB.<\/figcaption><\/figure>\n<\/div>\n\n\n<h2 class=\"has-text-align-center wp-block-heading\"><strong>La periodista a la que encerraron en un juzgado y obligaron a borrar im\u00e1genes\u00a0<\/strong><\/h2>\n\n\n\n<p>En uno de los m\u00e1s de 20 a\u00f1os que tiene en el ejercicio period\u00edstico, Mar\u00eda Ulo afront\u00f3 un episodio que qued\u00f3 grabado en su memoria. Ocurri\u00f3 en <strong>2018 cuando fue encerrada en una oficina judicial y fue amedrentada por la jueza Tercera Anticorrupci\u00f3n, Claudia Castro, quien la oblig\u00f3 a borrar im\u00e1genes <\/strong>que hab\u00eda registrado en su investigaci\u00f3n del caso de desfalco en el Banco Uni\u00f3n y luego la acus\u00f3 de ser parte de una red que proteg\u00eda a personas procesadas en la justicia.<\/p>\n\n\n\n<p>El episodio se remonta exactamente al 26 de octubre de 2018. Ese a\u00f1o, la jueza Castro orden\u00f3 arrestar a Ulo. El motivo, el haber tomado im\u00e1genes y haber grabado la cita que hab\u00eda acordado con la periodista. Ulo hab\u00eda llegado a la oficina de la jueza para indagar el caso de una implicada en el caso Banco Uni\u00f3n, que tiene a Juan Pari como protagonista por el desfalco de Bs 36,7 millones en la agencia de Batallas.<\/p>\n\n\n\n<p>Ulo se hab\u00eda dirigido donde la jueza para consultarle sobre la situaci\u00f3n de una de las acusadas, cuya salud se hab\u00eda deteriorado. Al llegar a la oficina, la periodista pidi\u00f3 a su camar\u00f3grafo grabar el ingreso, en tanto ella, grabar\u00eda el audio con su celular. Al percatarse de la situaci\u00f3n, <strong>la jueza exige que no se grabe nada y se abstiene de declarar. Adem\u00e1s exige a la periodista que borre las im\u00e1genes y ante la negativa, ordena a la Polic\u00eda que la detenga.\u00a0<\/strong><\/p>\n\n\n\n<p>\u201cElla se enoja y me amenaza con que me va a detener, llama a la Polic\u00eda para exigir que borre el material (&#8230;). Yo llamo a mi jefe de prensa y le digo lo que ha pasado, eso que la jueza me est\u00e1 mandando a detener y no me deja salir de su oficina\u201d, narra sobre ese episodio, que horas despu\u00e9s hab\u00eda generado una ola de repudio de los gremios period\u00edsticos.\u00a0<\/p>\n\n\n\n<figure class=\"wp-block-embed is-type-video is-provider-youtube wp-block-embed-youtube wp-embed-aspect-16-9 wp-has-aspect-ratio\"><div class=\"wp-block-embed__wrapper\">\n<iframe title=\"Mar\u00eda Ulo, la periodista que encerraron y obligaron a borrar im\u00e1genes\" width=\"990\" height=\"557\" src=\"https:\/\/www.youtube.com\/embed\/ZEjJlU6qjvE?feature=oembed\" frameborder=\"0\" allow=\"accelerometer; autoplay; clipboard-write; encrypted-media; gyroscope; picture-in-picture\" allowfullscreen><\/iframe>\n<\/div><\/figure>\n\n\n\n<p>El episodio continu\u00f3 en d\u00edas posteriores. Tanto Ulo como Castro difunden su versi\u00f3n por los medios, pero la jueza con denuncias de por medio. Seg\u00fan comenta la periodista, Castro la acus\u00f3, a trav\u00e9s de una carta dirigida al Ministerio de Gobierno, de ser parte de <strong>una red para defender a procesados y de extorsionar por notas televisivas<\/strong>.\u00a0<\/p>\n\n\n\n<p>\u201cElla sigui\u00f3 tratando de perjudicarme o desprestigiarme. Mand\u00f3 esta carta al Ministerio de Gobierno de esta red de extorsi\u00f3n, de fiscales, de medios y de abogados, cosas as\u00ed, todo un argumento fantasioso, <strong>yo lo vi como una vendetta<\/strong>\u201d, mencion\u00f3 la periodista, que actualmente trabaja en Cadena A.<\/p>\n\n\n\n<p><strong>El caso qued\u00f3 en la impunidad<\/strong>, comenta Ulo. No tom\u00f3 acciones en contra de la jueza, dado que no contaba con un abogado para iniciarle un proceso, pero, sobre todo, por temor, ya que jueces y fiscales que la contactaron le hab\u00edan comentado, cuenta ella, que Castro era \u201cuna persona muy peligrosa\u201d y que deber\u00eda tener cuidado. Este hecho, adem\u00e1s, oblig\u00f3 a Ulo a dejar de investigar el caso Banco Uni\u00f3n para evitar problemas.\u00a0<\/p>\n","protected":false},"excerpt":{"rendered":"<p>La periodista a la que encerraron en un juzgado y obligaron a borrar im\u00e1genes\u00a0 En uno de los m\u00e1s de &hellip; <a href=\"https:\/\/todosnube.com\/agresionaperiodistas\/la-periodista-a-la-que-encerraron-en-un-juzgado-y-obligaron-a-borrar-imagenes\/\" class=\"more-link\"><span class=\"more-button\"><span class=\"screen-reader-text\">Mar\u00eda Ulo<\/span><\/span><\/a><\/p>\n","protected":false},"author":12,"featured_media":15,"parent":0,"menu_order":0,"comment_status":"closed","ping_status":"closed","template":"","meta":{"footnotes":""},"class_list":["post-13","page","type-page","status-publish","has-post-thumbnail","hentry"],"yoast_head":"<!-- This site is optimized with the Yoast SEO plugin v27.4 - https:\/\/yoast.com\/product\/yoast-seo-wordpress\/ -->\n<title>Mar\u00eda Ulo - Agresiones a periodistas en Bolivia<\/title>\n<meta name=\"robots\" content=\"index, follow, max-snippet:-1, max-image-preview:large, max-video-preview:-1\" \/>\n<link rel=\"canonical\" href=\"https:\/\/todosnube.com\/agresionaperiodistas\/la-periodista-a-la-que-encerraron-en-un-juzgado-y-obligaron-a-borrar-imagenes\/\" \/>\n<meta property=\"og:locale\" content=\"es_ES\" \/>\n<meta property=\"og:type\" content=\"article\" \/>\n<meta property=\"og:title\" content=\"Mar\u00eda Ulo - Agresiones a periodistas en Bolivia\" \/>\n<meta property=\"og:description\" content=\"La periodista a la que encerraron en un juzgado y obligaron a borrar im\u00e1genes\u00a0 En uno de los m\u00e1s de &hellip; Mar\u00eda Ulo\" \/>\n<meta property=\"og:url\" content=\"https:\/\/todosnube.com\/agresionaperiodistas\/la-periodista-a-la-que-encerraron-en-un-juzgado-y-obligaron-a-borrar-imagenes\/\" \/>\n<meta property=\"og:site_name\" content=\"Agresiones a periodistas en Bolivia\" \/>\n<meta property=\"article:modified_time\" content=\"2022-11-16T01:15:03+00:00\" \/>\n<meta property=\"og:image\" content=\"https:\/\/todosnube.com\/agresionaperiodistas\/wp-content\/uploads\/sites\/3\/2022\/11\/c-maria-392410-E7D6.png\" \/>\n\t<meta property=\"og:image:width\" content=\"750\" \/>\n\t<meta property=\"og:image:height\" content=\"420\" \/>\n\t<meta property=\"og:image:type\" content=\"image\/png\" \/>\n<meta name=\"twitter:card\" content=\"summary_large_image\" \/>\n<meta name=\"twitter:label1\" content=\"Tiempo de lectura\" \/>\n\t<meta name=\"twitter:data1\" content=\"3 minutos\" \/>\n<script type=\"application\/ld+json\" class=\"yoast-schema-graph\">{\"@context\":\"https:\\\/\\\/schema.org\",\"@graph\":[{\"@type\":\"WebPage\",\"@id\":\"https:\\\/\\\/todosnube.com\\\/agresionaperiodistas\\\/la-periodista-a-la-que-encerraron-en-un-juzgado-y-obligaron-a-borrar-imagenes\\\/\",\"url\":\"https:\\\/\\\/todosnube.com\\\/agresionaperiodistas\\\/la-periodista-a-la-que-encerraron-en-un-juzgado-y-obligaron-a-borrar-imagenes\\\/\",\"name\":\"Mar\u00eda Ulo - Agresiones a periodistas en Bolivia\",\"isPartOf\":{\"@id\":\"https:\\\/\\\/todosnube.com\\\/agresionaperiodistas\\\/#website\"},\"primaryImageOfPage\":{\"@id\":\"https:\\\/\\\/todosnube.com\\\/agresionaperiodistas\\\/la-periodista-a-la-que-encerraron-en-un-juzgado-y-obligaron-a-borrar-imagenes\\\/#primaryimage\"},\"image\":{\"@id\":\"https:\\\/\\\/todosnube.com\\\/agresionaperiodistas\\\/la-periodista-a-la-que-encerraron-en-un-juzgado-y-obligaron-a-borrar-imagenes\\\/#primaryimage\"},\"thumbnailUrl\":\"https:\\\/\\\/todosnube.com\\\/agresionaperiodistas\\\/wp-content\\\/uploads\\\/sites\\\/3\\\/2022\\\/11\\\/c-maria-392410-E7D6.png\",\"datePublished\":\"2022-11-05T14:37:32+00:00\",\"dateModified\":\"2022-11-16T01:15:03+00:00\",\"breadcrumb\":{\"@id\":\"https:\\\/\\\/todosnube.com\\\/agresionaperiodistas\\\/la-periodista-a-la-que-encerraron-en-un-juzgado-y-obligaron-a-borrar-imagenes\\\/#breadcrumb\"},\"inLanguage\":\"es\",\"potentialAction\":[{\"@type\":\"ReadAction\",\"target\":[\"https:\\\/\\\/todosnube.com\\\/agresionaperiodistas\\\/la-periodista-a-la-que-encerraron-en-un-juzgado-y-obligaron-a-borrar-imagenes\\\/\"]}]},{\"@type\":\"ImageObject\",\"inLanguage\":\"es\",\"@id\":\"https:\\\/\\\/todosnube.com\\\/agresionaperiodistas\\\/la-periodista-a-la-que-encerraron-en-un-juzgado-y-obligaron-a-borrar-imagenes\\\/#primaryimage\",\"url\":\"https:\\\/\\\/todosnube.com\\\/agresionaperiodistas\\\/wp-content\\\/uploads\\\/sites\\\/3\\\/2022\\\/11\\\/c-maria-392410-E7D6.png\",\"contentUrl\":\"https:\\\/\\\/todosnube.com\\\/agresionaperiodistas\\\/wp-content\\\/uploads\\\/sites\\\/3\\\/2022\\\/11\\\/c-maria-392410-E7D6.png\",\"width\":750,\"height\":420},{\"@type\":\"BreadcrumbList\",\"@id\":\"https:\\\/\\\/todosnube.com\\\/agresionaperiodistas\\\/la-periodista-a-la-que-encerraron-en-un-juzgado-y-obligaron-a-borrar-imagenes\\\/#breadcrumb\",\"itemListElement\":[{\"@type\":\"ListItem\",\"position\":1,\"name\":\"Portada\",\"item\":\"https:\\\/\\\/todosnube.com\\\/agresionaperiodistas\\\/\"},{\"@type\":\"ListItem\",\"position\":2,\"name\":\"Mar\u00eda Ulo\"}]},{\"@type\":\"WebSite\",\"@id\":\"https:\\\/\\\/todosnube.com\\\/agresionaperiodistas\\\/#website\",\"url\":\"https:\\\/\\\/todosnube.com\\\/agresionaperiodistas\\\/\",\"name\":\"Agresiones a periodistas en Bolivia\",\"description\":\"La Nube especiales\",\"potentialAction\":[{\"@type\":\"SearchAction\",\"target\":{\"@type\":\"EntryPoint\",\"urlTemplate\":\"https:\\\/\\\/todosnube.com\\\/agresionaperiodistas\\\/?s={search_term_string}\"},\"query-input\":{\"@type\":\"PropertyValueSpecification\",\"valueRequired\":true,\"valueName\":\"search_term_string\"}}],\"inLanguage\":\"es\"}]}<\/script>\n<!-- \/ Yoast SEO plugin. -->","yoast_head_json":{"title":"Mar\u00eda Ulo - Agresiones a periodistas en Bolivia","robots":{"index":"index","follow":"follow","max-snippet":"max-snippet:-1","max-image-preview":"max-image-preview:large","max-video-preview":"max-video-preview:-1"},"canonical":"https:\/\/todosnube.com\/agresionaperiodistas\/la-periodista-a-la-que-encerraron-en-un-juzgado-y-obligaron-a-borrar-imagenes\/","og_locale":"es_ES","og_type":"article","og_title":"Mar\u00eda Ulo - Agresiones a periodistas en Bolivia","og_description":"La periodista a la que encerraron en un juzgado y obligaron a borrar im\u00e1genes\u00a0 En uno de los m\u00e1s de &hellip; Mar\u00eda Ulo","og_url":"https:\/\/todosnube.com\/agresionaperiodistas\/la-periodista-a-la-que-encerraron-en-un-juzgado-y-obligaron-a-borrar-imagenes\/","og_site_name":"Agresiones a periodistas en Bolivia","article_modified_time":"2022-11-16T01:15:03+00:00","og_image":[{"width":750,"height":420,"url":"https:\/\/todosnube.com\/agresionaperiodistas\/wp-content\/uploads\/sites\/3\/2022\/11\/c-maria-392410-E7D6.png","type":"image\/png"}],"twitter_card":"summary_large_image","twitter_misc":{"Tiempo de lectura":"3 minutos"},"schema":{"@context":"https:\/\/schema.org","@graph":[{"@type":"WebPage","@id":"https:\/\/todosnube.com\/agresionaperiodistas\/la-periodista-a-la-que-encerraron-en-un-juzgado-y-obligaron-a-borrar-imagenes\/","url":"https:\/\/todosnube.com\/agresionaperiodistas\/la-periodista-a-la-que-encerraron-en-un-juzgado-y-obligaron-a-borrar-imagenes\/","name":"Mar\u00eda Ulo - Agresiones a periodistas en Bolivia","isPartOf":{"@id":"https:\/\/todosnube.com\/agresionaperiodistas\/#website"},"primaryImageOfPage":{"@id":"https:\/\/todosnube.com\/agresionaperiodistas\/la-periodista-a-la-que-encerraron-en-un-juzgado-y-obligaron-a-borrar-imagenes\/#primaryimage"},"image":{"@id":"https:\/\/todosnube.com\/agresionaperiodistas\/la-periodista-a-la-que-encerraron-en-un-juzgado-y-obligaron-a-borrar-imagenes\/#primaryimage"},"thumbnailUrl":"https:\/\/todosnube.com\/agresionaperiodistas\/wp-content\/uploads\/sites\/3\/2022\/11\/c-maria-392410-E7D6.png","datePublished":"2022-11-05T14:37:32+00:00","dateModified":"2022-11-16T01:15:03+00:00","breadcrumb":{"@id":"https:\/\/todosnube.com\/agresionaperiodistas\/la-periodista-a-la-que-encerraron-en-un-juzgado-y-obligaron-a-borrar-imagenes\/#breadcrumb"},"inLanguage":"es","potentialAction":[{"@type":"ReadAction","target":["https:\/\/todosnube.com\/agresionaperiodistas\/la-periodista-a-la-que-encerraron-en-un-juzgado-y-obligaron-a-borrar-imagenes\/"]}]},{"@type":"ImageObject","inLanguage":"es","@id":"https:\/\/todosnube.com\/agresionaperiodistas\/la-periodista-a-la-que-encerraron-en-un-juzgado-y-obligaron-a-borrar-imagenes\/#primaryimage","url":"https:\/\/todosnube.com\/agresionaperiodistas\/wp-content\/uploads\/sites\/3\/2022\/11\/c-maria-392410-E7D6.png","contentUrl":"https:\/\/todosnube.com\/agresionaperiodistas\/wp-content\/uploads\/sites\/3\/2022\/11\/c-maria-392410-E7D6.png","width":750,"height":420},{"@type":"BreadcrumbList","@id":"https:\/\/todosnube.com\/agresionaperiodistas\/la-periodista-a-la-que-encerraron-en-un-juzgado-y-obligaron-a-borrar-imagenes\/#breadcrumb","itemListElement":[{"@type":"ListItem","position":1,"name":"Portada","item":"https:\/\/todosnube.com\/agresionaperiodistas\/"},{"@type":"ListItem","position":2,"name":"Mar\u00eda Ulo"}]},{"@type":"WebSite","@id":"https:\/\/todosnube.com\/agresionaperiodistas\/#website","url":"https:\/\/todosnube.com\/agresionaperiodistas\/","name":"Agresiones a periodistas en Bolivia","description":"La Nube especiales","potentialAction":[{"@type":"SearchAction","target":{"@type":"EntryPoint","urlTemplate":"https:\/\/todosnube.com\/agresionaperiodistas\/?s={search_term_string}"},"query-input":{"@type":"PropertyValueSpecification","valueRequired":true,"valueName":"search_term_string"}}],"inLanguage":"es"}]}},"_links":{"self":[{"href":"https:\/\/todosnube.com\/agresionaperiodistas\/wp-json\/wp\/v2\/pages\/13","targetHints":{"allow":["GET"]}}],"collection":[{"href":"https:\/\/todosnube.com\/agresionaperiodistas\/wp-json\/wp\/v2\/pages"}],"about":[{"href":"https:\/\/todosnube.com\/agresionaperiodistas\/wp-json\/wp\/v2\/types\/page"}],"author":[{"embeddable":true,"href":"https:\/\/todosnube.com\/agresionaperiodistas\/wp-json\/wp\/v2\/users\/12"}],"replies":[{"embeddable":true,"href":"https:\/\/todosnube.com\/agresionaperiodistas\/wp-json\/wp\/v2\/comments?post=13"}],"version-history":[{"count":5,"href":"https:\/\/todosnube.com\/agresionaperiodistas\/wp-json\/wp\/v2\/pages\/13\/revisions"}],"predecessor-version":[{"id":187,"href":"https:\/\/todosnube.com\/agresionaperiodistas\/wp-json\/wp\/v2\/pages\/13\/revisions\/187"}],"wp:featuredmedia":[{"embeddable":true,"href":"https:\/\/todosnube.com\/agresionaperiodistas\/wp-json\/wp\/v2\/media\/15"}],"wp:attachment":[{"href":"https:\/\/todosnube.com\/agresionaperiodistas\/wp-json\/wp\/v2\/media?parent=13"}],"curies":[{"name":"wp","href":"https:\/\/api.w.org\/{rel}","templated":true}]}}