{"id":111,"date":"2023-12-29T02:37:23","date_gmt":"2023-12-29T02:37:23","guid":{"rendered":"https:\/\/todosnube.com\/agresionaperiodistas\/?page_id=111"},"modified":"2024-05-06T02:02:21","modified_gmt":"2024-05-06T02:02:21","slug":"datos","status":"publish","type":"page","link":"https:\/\/todosnube.com\/agresionaperiodistas\/datos\/","title":{"rendered":"Datos"},"content":{"rendered":"\n<h2 class=\"wp-block-heading has-text-align-center\"><strong>De una agresi\u00f3n cada seis d\u00edas en 2018, a una cada tres d\u00edas en 2023<\/strong><\/h2>\n\n\n\n<p><\/p>\n\n\n\n<p><strong>Monitoreo de UNITAS<\/strong><\/p>\n\n\n\n<p>En 2014, la red UNITAS cre\u00f3 el Observatorio de Defensoras y Defensores de Derechos para denunciar y prevenir restricciones a las libertades fundamentales (libertad de expresi\u00f3n, libertad de asociaci\u00f3n, libertad de reuni\u00f3n, la institucionalidad democr\u00e1tica y el derecho a defender derechos). Desde 2020, por la magnitud y recurrencia de casos, distingue los casos de vulneraci\u00f3n a la libertad de prensa e identifica ese a\u00f1o un total de <strong>84 casos de agresi\u00f3n, amenaza, ataques a medios de comunicaci\u00f3n, estigmatizaci\u00f3n, criminalizaci\u00f3n y otras acciones<\/strong> atentatorias al ejercicio period\u00edstico.&nbsp;<\/p>\n\n\n\n<p>UNITAS emplea 12 indicadores: Estigmatizaci\u00f3n, criminalizaci\u00f3n, censura, impedimento de acceso a la informaci\u00f3n, violaci\u00f3n a la reserva de fuentes, asignaci\u00f3n discriminatoria de publicidad oficial, amenaza, agresiones a periodistas, ataque a un medio de comunicaci\u00f3n, incumplimiento al deber de investigaci\u00f3n y sanci\u00f3n e incumplimiento al debido proceso.<\/p>\n\n\n<div class=\"wp-block-image\">\n<figure class=\"aligncenter size-full\"><a href=\"https:\/\/public.flourish.studio\/visualisation\/11653093\/\" target=\"_blank\" rel=\"noreferrer noopener\"><img fetchpriority=\"high\" decoding=\"async\" width=\"796\" height=\"575\" src=\"https:\/\/todosnube.com\/agresionaperiodistas\/wp-content\/uploads\/sites\/3\/2024\/05\/UNITAS_-Violacion-a-la-libertad-de-prensa-6.png\" alt=\"\" class=\"wp-image-239\" srcset=\"https:\/\/todosnube.com\/agresionaperiodistas\/wp-content\/uploads\/sites\/3\/2024\/05\/UNITAS_-Violacion-a-la-libertad-de-prensa-6.png 796w, https:\/\/todosnube.com\/agresionaperiodistas\/wp-content\/uploads\/sites\/3\/2024\/05\/UNITAS_-Violacion-a-la-libertad-de-prensa-6-300x217.png 300w, https:\/\/todosnube.com\/agresionaperiodistas\/wp-content\/uploads\/sites\/3\/2024\/05\/UNITAS_-Violacion-a-la-libertad-de-prensa-6-768x555.png 768w\" sizes=\"(max-width: 796px) 100vw, 796px\" \/><\/a><\/figure>\n<\/div>\n\n\n<p>En 2021, el Observatorio de UNITAS identific\u00f3 66 casos de vulneraci\u00f3n a la libertad de prensa, siendo las agresiones a periodistas (37) y los casos de estigmatizaci\u00f3n (10), los m\u00e1s recurrentes en esa gesti\u00f3n. En <strong>2022, son un total de 202 vulneraciones identificadas a la libertad de prensa<\/strong>, el triple de lo registrado en todo el a\u00f1o anterior. En 2023, la cifra lleg\u00f3 a 143 vulneraciones. <\/p>\n\n\n\n<p>Desagregando los datos del Observatorio de UNITAS, en 2020 cada cuatro d\u00edas un periodista era agredido, estigmatizado o amedrentado por su labor. <strong>En 2021, la cifra se redujo a una transgresi\u00f3n cada cinco o seis d\u00edas<\/strong>. <strong>En 2022, las agresiones, estigmatizaciones o amedrentamientos a periodistas se incrementaron a un caso cada dos d\u00edas y en 2023, \u00e9sta redujo a una vulneraci\u00f3n cada tres d\u00edas. <\/strong><\/p>\n\n\n\n<p>El trabajo de monitoreo de UNITAS se fundamenta en la metodolog\u00eda del \u201cMonitor CIVICUS\u201d sobre la situaci\u00f3n del espacio c\u00edvico a nivel mundial. Los indicadores y categor\u00edas identificadas se fundamentan en est\u00e1ndares internacionales y nacionales sobre derechos fundamentales y la defensa de derechos. El trabajo realizado se enmarca en el trabajo de monitoreo de 14 medios de comunicaci\u00f3n a nivel nacional, la recepci\u00f3n de casos a trav\u00e9s de entrevistas y revisi\u00f3n documental, y denuncia directa de periodistas a trav\u00e9s de la Asociaci\u00f3n Nacional de Periodistas de Bolivia y sus nueve departamentales.\u00a0<\/p>\n\n\n\n<p><strong>Monitoreo de la ANP<\/strong><\/p>\n\n\n\n<p>Desde 2018, la ANP realiza un monitoreo de la situaci\u00f3n de la libertad de prensa en Bolivia sobre la base de 12 indicadores. De acuerdo con sus datos, <strong>el 2019 fue el a\u00f1o con mayor cantidad de ataques a la libertad de prensa, con un total de 162, de las que 87 se refieren a agresiones y ataques a periodistas<\/strong>. El 2020 es el segundo a\u00f1o con mayor cantidad de casos de agresi\u00f3n, con un total de 117, siendo nuevamente las agresiones y ataques a periodistas el de mayor cifra con 96, nueve casos m\u00e1s que un a\u00f1o antes.&nbsp;<\/p>\n\n\n\n<p>Los 12 indicadores que maneja la ANP son: Asesinatos, secuestros, detenciones arbitrarias, tortura, agresiones y ataques, discurso estigmatizador, acceso a la informaci\u00f3n, procedimientos judiciales contra medios y periodistas, uso abusivo del poder estatal, marco de trabajo judicial contrario a las normas y restricciones de Internet.<\/p>\n\n\n<div class=\"wp-block-image\">\n<figure class=\"aligncenter size-full\"><a href=\"https:\/\/public.flourish.studio\/visualisation\/11577928\/\" target=\"_blank\" rel=\"noreferrer noopener\"><img decoding=\"async\" width=\"760\" height=\"575\" src=\"https:\/\/todosnube.com\/agresionaperiodistas\/wp-content\/uploads\/sites\/3\/2022\/11\/ANP_-Violacion-a-la-libertad-de-prensa.png\" alt=\"\" class=\"wp-image-139\" srcset=\"https:\/\/todosnube.com\/agresionaperiodistas\/wp-content\/uploads\/sites\/3\/2022\/11\/ANP_-Violacion-a-la-libertad-de-prensa.png 760w, https:\/\/todosnube.com\/agresionaperiodistas\/wp-content\/uploads\/sites\/3\/2022\/11\/ANP_-Violacion-a-la-libertad-de-prensa-300x227.png 300w\" sizes=\"(max-width: 760px) 100vw, 760px\" \/><\/a><figcaption class=\"wp-element-caption\"><a href=\"https:\/\/public.flourish.studio\/visualisation\/11577928\/\" target=\"_blank\" rel=\"noreferrer noopener\">https:\/\/public.flourish.studio\/visualisation\/1157792<\/a><\/figcaption><\/figure>\n<\/div>\n\n\n<p>Desagregando los datos de la ANP,<strong> en 2018 cada seis d\u00edas un periodista sufr\u00eda agresi\u00f3n<\/strong>, amedrentamiento u otro tipo de vulneraci\u00f3n a su trabajo. <strong>En 2019, la cifra se elev\u00f3 a un periodista agredido cada dos d\u00edas<\/strong>, <strong>en 2020 fue cada tres d\u00edas y en 2021 redujeron a vulneraciones cada cuatro a cinco d\u00edas<\/strong>.\u00a0Pese a la solicitud realizada por La Nube, la ANP no brind\u00f3 m\u00e1s datos actualizados al respecto. <\/p>\n\n\n\n<p>El trabajo de monitoreo de la ANP se fundamenta en el Objetivo de Desarrollo Sostenible 16 \u201cPaz, Justicia e Instituciones S\u00f3lidas\u201d y se desglosa en doce indicadores para hacer seguimiento a la situaci\u00f3n de la libertad de prensa y la libertad de expresi\u00f3n en Bolivia y otros pa\u00edses de la regi\u00f3n. La ANP publica su trabajo en el Informe Sombra que elabora anualmente la organizaci\u00f3n internacional Voces del Sur, que enfoca su trabajo en el indicador 16.10.1 sobre libertades fundamentales y asegurar la seguridad y protecci\u00f3n a periodistas en Latinoam\u00e9rica.&nbsp;<\/p>\n\n\n\n<p><strong>Comparaci\u00f3n de datos de UNITAS y ANP<\/strong><\/p>\n\n\n\n<p>Para obtener el promedio de agresiones por d\u00eda\/a\u00f1o, se hizo la comparaci\u00f3n del total de casos o registros obtenidos tanto por UNITAS como de la ANP, de manera separada. Comparando los registros cuantitativos de ambas instituciones, las diferencias num\u00e9ricas no distan mucho, salvo en el a\u00f1o 2020.\u00a0<\/p>\n\n\n<div class=\"wp-block-image\">\n<figure class=\"aligncenter size-large is-resized\"><img decoding=\"async\" width=\"410\" height=\"1024\" src=\"https:\/\/todosnube.com\/agresionaperiodistas\/wp-content\/uploads\/sites\/3\/2024\/05\/cantidad-de-registros-por-ano-410x1024.jpg\" alt=\"\" class=\"wp-image-240\" style=\"width:355px;height:auto\" srcset=\"https:\/\/todosnube.com\/agresionaperiodistas\/wp-content\/uploads\/sites\/3\/2024\/05\/cantidad-de-registros-por-ano-410x1024.jpg 410w, https:\/\/todosnube.com\/agresionaperiodistas\/wp-content\/uploads\/sites\/3\/2024\/05\/cantidad-de-registros-por-ano-120x300.jpg 120w, https:\/\/todosnube.com\/agresionaperiodistas\/wp-content\/uploads\/sites\/3\/2024\/05\/cantidad-de-registros-por-ano-768x1920.jpg 768w, https:\/\/todosnube.com\/agresionaperiodistas\/wp-content\/uploads\/sites\/3\/2024\/05\/cantidad-de-registros-por-ano.jpg 800w\" sizes=\"(max-width: 410px) 100vw, 410px\" \/><\/figure>\n<\/div>\n\n\n<p>Seg\u00fan datos de UNITAS, entre enero de 2020 y diciembre de 2023 se registraron un total de 495 vulneraciones contra el ejercicio period\u00edstico. El promedio de los cuatro muestra que <strong>un periodista es agredido, estigmatizado o se le impide el acceso a la informaci\u00f3n cada tres d\u00edas<\/strong>.<\/p>\n\n\n\n<p>Seg\u00fan datos de la ANP, entre 2018 y 2021 se registraron un total de 421 vulneraciones. Sacando un promedio de los cuatro a\u00f1os, se obtiene que <strong>un periodista es agredido, amedrentado o sufre otro tipo de vulneraci\u00f3n cada tres o cuatro d\u00edas en este lapso.\u00a0<\/strong><\/p>\n\n\n\n<p>Esta investigaci\u00f3n fue realizada con el apoyo del Fondo Concursable de la Fundaci\u00f3n para el Periodismo (FPP) en el marco del proyecto Red de Apoyo y Protecci\u00f3n a Periodistas (RAPP), con el respaldo The Global Media Defence Fund \u2013 UNESCO.<\/p>\n","protected":false},"excerpt":{"rendered":"<p>De una agresi\u00f3n cada seis d\u00edas en 2018, a una cada tres d\u00edas en 2023 Monitoreo de UNITAS En 2014, &hellip; <a href=\"https:\/\/todosnube.com\/agresionaperiodistas\/datos\/\" class=\"more-link\"><span class=\"more-button\"><span class=\"screen-reader-text\">Datos<\/span><\/span><\/a><\/p>\n","protected":false},"author":12,"featured_media":68,"parent":0,"menu_order":0,"comment_status":"closed","ping_status":"closed","template":"","meta":{"footnotes":""},"class_list":["post-111","page","type-page","status-publish","has-post-thumbnail","hentry"],"yoast_head":"<!-- This site is optimized with the Yoast SEO plugin v27.4 - https:\/\/yoast.com\/product\/yoast-seo-wordpress\/ -->\n<title>Datos - Agresiones a periodistas en Bolivia<\/title>\n<meta name=\"robots\" content=\"index, follow, max-snippet:-1, max-image-preview:large, max-video-preview:-1\" \/>\n<link rel=\"canonical\" href=\"https:\/\/todosnube.com\/agresionaperiodistas\/datos\/\" \/>\n<meta property=\"og:locale\" content=\"es_ES\" \/>\n<meta property=\"og:type\" content=\"article\" \/>\n<meta property=\"og:title\" content=\"Datos - Agresiones a periodistas en Bolivia\" \/>\n<meta property=\"og:description\" content=\"De una agresi\u00f3n cada seis d\u00edas en 2018, a una cada tres d\u00edas en 2023 Monitoreo de UNITAS En 2014, &hellip; Datos\" \/>\n<meta property=\"og:url\" content=\"https:\/\/todosnube.com\/agresionaperiodistas\/datos\/\" \/>\n<meta property=\"og:site_name\" content=\"Agresiones a periodistas en Bolivia\" \/>\n<meta property=\"article:modified_time\" content=\"2024-05-06T02:02:21+00:00\" \/>\n<meta property=\"og:image\" content=\"https:\/\/todosnube.com\/agresionaperiodistas\/wp-content\/uploads\/sites\/3\/2022\/11\/cropped-IlustracionPeriodistas.png\" \/>\n\t<meta property=\"og:image:width\" content=\"1024\" \/>\n\t<meta property=\"og:image:height\" content=\"512\" \/>\n\t<meta property=\"og:image:type\" content=\"image\/png\" \/>\n<meta name=\"twitter:card\" content=\"summary_large_image\" \/>\n<meta name=\"twitter:image\" content=\"https:\/\/todosnube.com\/agresionaperiodistas\/wp-content\/uploads\/sites\/3\/2022\/11\/cropped-cropped-IlustracionPeriodistas.png\" \/>\n<meta name=\"twitter:label1\" content=\"Tiempo de lectura\" \/>\n\t<meta name=\"twitter:data1\" content=\"5 minutos\" \/>\n<script type=\"application\/ld+json\" class=\"yoast-schema-graph\">{\"@context\":\"https:\\\/\\\/schema.org\",\"@graph\":[{\"@type\":\"WebPage\",\"@id\":\"https:\\\/\\\/todosnube.com\\\/agresionaperiodistas\\\/datos\\\/\",\"url\":\"https:\\\/\\\/todosnube.com\\\/agresionaperiodistas\\\/datos\\\/\",\"name\":\"Datos - Agresiones a periodistas en Bolivia\",\"isPartOf\":{\"@id\":\"https:\\\/\\\/todosnube.com\\\/agresionaperiodistas\\\/#website\"},\"primaryImageOfPage\":{\"@id\":\"https:\\\/\\\/todosnube.com\\\/agresionaperiodistas\\\/datos\\\/#primaryimage\"},\"image\":{\"@id\":\"https:\\\/\\\/todosnube.com\\\/agresionaperiodistas\\\/datos\\\/#primaryimage\"},\"thumbnailUrl\":\"https:\\\/\\\/todosnube.com\\\/agresionaperiodistas\\\/wp-content\\\/uploads\\\/sites\\\/3\\\/2022\\\/11\\\/cropped-cropped-IlustracionPeriodistas.png\",\"datePublished\":\"2023-12-29T02:37:23+00:00\",\"dateModified\":\"2024-05-06T02:02:21+00:00\",\"breadcrumb\":{\"@id\":\"https:\\\/\\\/todosnube.com\\\/agresionaperiodistas\\\/datos\\\/#breadcrumb\"},\"inLanguage\":\"es\",\"potentialAction\":[{\"@type\":\"ReadAction\",\"target\":[\"https:\\\/\\\/todosnube.com\\\/agresionaperiodistas\\\/datos\\\/\"]}]},{\"@type\":\"ImageObject\",\"inLanguage\":\"es\",\"@id\":\"https:\\\/\\\/todosnube.com\\\/agresionaperiodistas\\\/datos\\\/#primaryimage\",\"url\":\"https:\\\/\\\/todosnube.com\\\/agresionaperiodistas\\\/wp-content\\\/uploads\\\/sites\\\/3\\\/2022\\\/11\\\/cropped-cropped-IlustracionPeriodistas.png\",\"contentUrl\":\"https:\\\/\\\/todosnube.com\\\/agresionaperiodistas\\\/wp-content\\\/uploads\\\/sites\\\/3\\\/2022\\\/11\\\/cropped-cropped-IlustracionPeriodistas.png\",\"width\":2000,\"height\":1200},{\"@type\":\"BreadcrumbList\",\"@id\":\"https:\\\/\\\/todosnube.com\\\/agresionaperiodistas\\\/datos\\\/#breadcrumb\",\"itemListElement\":[{\"@type\":\"ListItem\",\"position\":1,\"name\":\"Portada\",\"item\":\"https:\\\/\\\/todosnube.com\\\/agresionaperiodistas\\\/\"},{\"@type\":\"ListItem\",\"position\":2,\"name\":\"Datos\"}]},{\"@type\":\"WebSite\",\"@id\":\"https:\\\/\\\/todosnube.com\\\/agresionaperiodistas\\\/#website\",\"url\":\"https:\\\/\\\/todosnube.com\\\/agresionaperiodistas\\\/\",\"name\":\"Agresiones a periodistas en Bolivia\",\"description\":\"La Nube especiales\",\"potentialAction\":[{\"@type\":\"SearchAction\",\"target\":{\"@type\":\"EntryPoint\",\"urlTemplate\":\"https:\\\/\\\/todosnube.com\\\/agresionaperiodistas\\\/?s={search_term_string}\"},\"query-input\":{\"@type\":\"PropertyValueSpecification\",\"valueRequired\":true,\"valueName\":\"search_term_string\"}}],\"inLanguage\":\"es\"}]}<\/script>\n<!-- \/ Yoast SEO plugin. -->","yoast_head_json":{"title":"Datos - Agresiones a periodistas en Bolivia","robots":{"index":"index","follow":"follow","max-snippet":"max-snippet:-1","max-image-preview":"max-image-preview:large","max-video-preview":"max-video-preview:-1"},"canonical":"https:\/\/todosnube.com\/agresionaperiodistas\/datos\/","og_locale":"es_ES","og_type":"article","og_title":"Datos - Agresiones a periodistas en Bolivia","og_description":"De una agresi\u00f3n cada seis d\u00edas en 2018, a una cada tres d\u00edas en 2023 Monitoreo de UNITAS En 2014, &hellip; Datos","og_url":"https:\/\/todosnube.com\/agresionaperiodistas\/datos\/","og_site_name":"Agresiones a periodistas en Bolivia","article_modified_time":"2024-05-06T02:02:21+00:00","og_image":[{"width":1024,"height":512,"url":"https:\/\/todosnube.com\/agresionaperiodistas\/wp-content\/uploads\/sites\/3\/2022\/11\/cropped-IlustracionPeriodistas.png","type":"image\/png"}],"twitter_card":"summary_large_image","twitter_image":"https:\/\/todosnube.com\/agresionaperiodistas\/wp-content\/uploads\/sites\/3\/2022\/11\/cropped-cropped-IlustracionPeriodistas.png","twitter_misc":{"Tiempo de lectura":"5 minutos"},"schema":{"@context":"https:\/\/schema.org","@graph":[{"@type":"WebPage","@id":"https:\/\/todosnube.com\/agresionaperiodistas\/datos\/","url":"https:\/\/todosnube.com\/agresionaperiodistas\/datos\/","name":"Datos - Agresiones a periodistas en Bolivia","isPartOf":{"@id":"https:\/\/todosnube.com\/agresionaperiodistas\/#website"},"primaryImageOfPage":{"@id":"https:\/\/todosnube.com\/agresionaperiodistas\/datos\/#primaryimage"},"image":{"@id":"https:\/\/todosnube.com\/agresionaperiodistas\/datos\/#primaryimage"},"thumbnailUrl":"https:\/\/todosnube.com\/agresionaperiodistas\/wp-content\/uploads\/sites\/3\/2022\/11\/cropped-cropped-IlustracionPeriodistas.png","datePublished":"2023-12-29T02:37:23+00:00","dateModified":"2024-05-06T02:02:21+00:00","breadcrumb":{"@id":"https:\/\/todosnube.com\/agresionaperiodistas\/datos\/#breadcrumb"},"inLanguage":"es","potentialAction":[{"@type":"ReadAction","target":["https:\/\/todosnube.com\/agresionaperiodistas\/datos\/"]}]},{"@type":"ImageObject","inLanguage":"es","@id":"https:\/\/todosnube.com\/agresionaperiodistas\/datos\/#primaryimage","url":"https:\/\/todosnube.com\/agresionaperiodistas\/wp-content\/uploads\/sites\/3\/2022\/11\/cropped-cropped-IlustracionPeriodistas.png","contentUrl":"https:\/\/todosnube.com\/agresionaperiodistas\/wp-content\/uploads\/sites\/3\/2022\/11\/cropped-cropped-IlustracionPeriodistas.png","width":2000,"height":1200},{"@type":"BreadcrumbList","@id":"https:\/\/todosnube.com\/agresionaperiodistas\/datos\/#breadcrumb","itemListElement":[{"@type":"ListItem","position":1,"name":"Portada","item":"https:\/\/todosnube.com\/agresionaperiodistas\/"},{"@type":"ListItem","position":2,"name":"Datos"}]},{"@type":"WebSite","@id":"https:\/\/todosnube.com\/agresionaperiodistas\/#website","url":"https:\/\/todosnube.com\/agresionaperiodistas\/","name":"Agresiones a periodistas en Bolivia","description":"La Nube especiales","potentialAction":[{"@type":"SearchAction","target":{"@type":"EntryPoint","urlTemplate":"https:\/\/todosnube.com\/agresionaperiodistas\/?s={search_term_string}"},"query-input":{"@type":"PropertyValueSpecification","valueRequired":true,"valueName":"search_term_string"}}],"inLanguage":"es"}]}},"_links":{"self":[{"href":"https:\/\/todosnube.com\/agresionaperiodistas\/wp-json\/wp\/v2\/pages\/111","targetHints":{"allow":["GET"]}}],"collection":[{"href":"https:\/\/todosnube.com\/agresionaperiodistas\/wp-json\/wp\/v2\/pages"}],"about":[{"href":"https:\/\/todosnube.com\/agresionaperiodistas\/wp-json\/wp\/v2\/types\/page"}],"author":[{"embeddable":true,"href":"https:\/\/todosnube.com\/agresionaperiodistas\/wp-json\/wp\/v2\/users\/12"}],"replies":[{"embeddable":true,"href":"https:\/\/todosnube.com\/agresionaperiodistas\/wp-json\/wp\/v2\/comments?post=111"}],"version-history":[{"count":10,"href":"https:\/\/todosnube.com\/agresionaperiodistas\/wp-json\/wp\/v2\/pages\/111\/revisions"}],"predecessor-version":[{"id":241,"href":"https:\/\/todosnube.com\/agresionaperiodistas\/wp-json\/wp\/v2\/pages\/111\/revisions\/241"}],"wp:featuredmedia":[{"embeddable":true,"href":"https:\/\/todosnube.com\/agresionaperiodistas\/wp-json\/wp\/v2\/media\/68"}],"wp:attachment":[{"href":"https:\/\/todosnube.com\/agresionaperiodistas\/wp-json\/wp\/v2\/media?parent=111"}],"curies":[{"name":"wp","href":"https:\/\/api.w.org\/{rel}","templated":true}]}}